{"id":1202,"date":"2024-10-25T01:29:35","date_gmt":"2024-10-25T01:29:35","guid":{"rendered":"https:\/\/campusbiostg.wpenginepowered.com\/events\/"},"modified":"2026-02-27T08:29:21","modified_gmt":"2026-02-27T08:29:21","slug":"evenements","status":"publish","type":"page","link":"https:\/\/campusbiotech.ch\/fr\/evenements\/","title":{"rendered":"\u00c9v\u00e9nements"},"content":{"rendered":"","protected":false},"excerpt":{"rendered":"","protected":false},"author":2,"featured_media":0,"parent":0,"menu_order":7,"comment_status":"closed","ping_status":"closed","template":"pages\/template-flexible.php","meta":{"_acf_changed":false,"inline_featured_image":false,"footnotes":""},"class_list":["post-1202","page","type-page","status-publish","hentry"],"acf":{"page_content":[{"acf_fc_layout":"all_events_section","heading":"\u00c9v\u00e9nements"}]},"yoast_head":"<!-- This site is optimized with the Yoast SEO plugin v27.3 - https:\/\/yoast.com\/product\/yoast-seo-wordpress\/ -->\n<title>\u00c9v\u00e9nements - Campus Biotech<\/title>\n<meta name=\"description\" content=\"Toute l&#039;ann\u00e9e, le Campus Biotech accueille et organise divers \u00e9v\u00e8nements de rencontre autour du monde scientifique\" \/>\n<meta name=\"robots\" content=\"index, follow, max-snippet:-1, max-image-preview:large, max-video-preview:-1\" \/>\n<link rel=\"canonical\" href=\"https:\/\/campusbiotech.ch\/fr\/evenements\/\" \/>\n<meta property=\"og:locale\" content=\"fr_FR\" \/>\n<meta property=\"og:type\" content=\"article\" \/>\n<meta property=\"og:title\" content=\"\u00c9v\u00e9nements - Campus Biotech\" \/>\n<meta property=\"og:description\" content=\"Toute l&#039;ann\u00e9e, le Campus Biotech accueille et organise divers \u00e9v\u00e8nements de rencontre autour du monde scientifique\" \/>\n<meta property=\"og:url\" content=\"https:\/\/campusbiotech.ch\/fr\/evenements\/\" \/>\n<meta property=\"og:site_name\" content=\"Campus Biotech\" \/>\n<meta property=\"article:modified_time\" content=\"2026-02-27T08:29:21+00:00\" \/>\n<meta name=\"twitter:card\" content=\"summary_large_image\" \/>\n<script type=\"application\/ld+json\" class=\"yoast-schema-graph\">{\"@context\":\"https:\\\/\\\/schema.org\",\"@graph\":[{\"@type\":\"WebPage\",\"@id\":\"https:\\\/\\\/campusbiotech.ch\\\/fr\\\/evenements\\\/\",\"url\":\"https:\\\/\\\/campusbiotech.ch\\\/fr\\\/evenements\\\/\",\"name\":\"\u00c9v\u00e9nements - Campus Biotech\",\"isPartOf\":{\"@id\":\"https:\\\/\\\/campusbiotech.ch\\\/#website\"},\"datePublished\":\"2024-10-25T01:29:35+00:00\",\"dateModified\":\"2026-02-27T08:29:21+00:00\",\"description\":\"Toute l'ann\u00e9e, le Campus Biotech accueille et organise divers \u00e9v\u00e8nements de rencontre autour du monde scientifique\",\"breadcrumb\":{\"@id\":\"https:\\\/\\\/campusbiotech.ch\\\/fr\\\/evenements\\\/#breadcrumb\"},\"inLanguage\":\"fr-FR\",\"potentialAction\":[{\"@type\":\"ReadAction\",\"target\":[\"https:\\\/\\\/campusbiotech.ch\\\/fr\\\/evenements\\\/\"]}]},{\"@type\":\"BreadcrumbList\",\"@id\":\"https:\\\/\\\/campusbiotech.ch\\\/fr\\\/evenements\\\/#breadcrumb\",\"itemListElement\":[{\"@type\":\"ListItem\",\"position\":1,\"name\":\"Home\",\"item\":\"https:\\\/\\\/campusbiotech.ch\\\/fr\\\/\"},{\"@type\":\"ListItem\",\"position\":2,\"name\":\"\u00c9v\u00e9nements\"}]},{\"@type\":\"WebSite\",\"@id\":\"https:\\\/\\\/campusbiotech.ch\\\/#website\",\"url\":\"https:\\\/\\\/campusbiotech.ch\\\/\",\"name\":\"Campus Biotech\",\"description\":\"Where Science meets Life\",\"potentialAction\":[{\"@type\":\"SearchAction\",\"target\":{\"@type\":\"EntryPoint\",\"urlTemplate\":\"https:\\\/\\\/campusbiotech.ch\\\/?s={search_term_string}\"},\"query-input\":{\"@type\":\"PropertyValueSpecification\",\"valueRequired\":true,\"valueName\":\"search_term_string\"}}],\"inLanguage\":\"fr-FR\"}]}<\/script>\n<!-- \/ Yoast SEO plugin. -->","yoast_head_json":{"title":"\u00c9v\u00e9nements - Campus Biotech","description":"Toute l'ann\u00e9e, le Campus Biotech accueille et organise divers \u00e9v\u00e8nements de rencontre autour du monde scientifique","robots":{"index":"index","follow":"follow","max-snippet":"max-snippet:-1","max-image-preview":"max-image-preview:large","max-video-preview":"max-video-preview:-1"},"canonical":"https:\/\/campusbiotech.ch\/fr\/evenements\/","og_locale":"fr_FR","og_type":"article","og_title":"\u00c9v\u00e9nements - Campus Biotech","og_description":"Toute l'ann\u00e9e, le Campus Biotech accueille et organise divers \u00e9v\u00e8nements de rencontre autour du monde scientifique","og_url":"https:\/\/campusbiotech.ch\/fr\/evenements\/","og_site_name":"Campus Biotech","article_modified_time":"2026-02-27T08:29:21+00:00","twitter_card":"summary_large_image","schema":{"@context":"https:\/\/schema.org","@graph":[{"@type":"WebPage","@id":"https:\/\/campusbiotech.ch\/fr\/evenements\/","url":"https:\/\/campusbiotech.ch\/fr\/evenements\/","name":"\u00c9v\u00e9nements - Campus Biotech","isPartOf":{"@id":"https:\/\/campusbiotech.ch\/#website"},"datePublished":"2024-10-25T01:29:35+00:00","dateModified":"2026-02-27T08:29:21+00:00","description":"Toute l'ann\u00e9e, le Campus Biotech accueille et organise divers \u00e9v\u00e8nements de rencontre autour du monde scientifique","breadcrumb":{"@id":"https:\/\/campusbiotech.ch\/fr\/evenements\/#breadcrumb"},"inLanguage":"fr-FR","potentialAction":[{"@type":"ReadAction","target":["https:\/\/campusbiotech.ch\/fr\/evenements\/"]}]},{"@type":"BreadcrumbList","@id":"https:\/\/campusbiotech.ch\/fr\/evenements\/#breadcrumb","itemListElement":[{"@type":"ListItem","position":1,"name":"Home","item":"https:\/\/campusbiotech.ch\/fr\/"},{"@type":"ListItem","position":2,"name":"\u00c9v\u00e9nements"}]},{"@type":"WebSite","@id":"https:\/\/campusbiotech.ch\/#website","url":"https:\/\/campusbiotech.ch\/","name":"Campus Biotech","description":"Where Science meets Life","potentialAction":[{"@type":"SearchAction","target":{"@type":"EntryPoint","urlTemplate":"https:\/\/campusbiotech.ch\/?s={search_term_string}"},"query-input":{"@type":"PropertyValueSpecification","valueRequired":true,"valueName":"search_term_string"}}],"inLanguage":"fr-FR"}]}},"_links":{"self":[{"href":"https:\/\/campusbiotech.ch\/fr\/wp-json\/wp\/v2\/pages\/1202","targetHints":{"allow":["GET"]}}],"collection":[{"href":"https:\/\/campusbiotech.ch\/fr\/wp-json\/wp\/v2\/pages"}],"about":[{"href":"https:\/\/campusbiotech.ch\/fr\/wp-json\/wp\/v2\/types\/page"}],"author":[{"embeddable":true,"href":"https:\/\/campusbiotech.ch\/fr\/wp-json\/wp\/v2\/users\/2"}],"replies":[{"embeddable":true,"href":"https:\/\/campusbiotech.ch\/fr\/wp-json\/wp\/v2\/comments?post=1202"}],"version-history":[{"count":0,"href":"https:\/\/campusbiotech.ch\/fr\/wp-json\/wp\/v2\/pages\/1202\/revisions"}],"wp:attachment":[{"href":"https:\/\/campusbiotech.ch\/fr\/wp-json\/wp\/v2\/media?parent=1202"}],"curies":[{"name":"wp","href":"https:\/\/api.w.org\/{rel}","templated":true}]}}