{"id":1214,"date":"2024-10-21T22:16:31","date_gmt":"2024-10-21T22:16:31","guid":{"rendered":"https:\/\/campusbiostg.wpenginepowered.com\/science-and-innovation\/"},"modified":"2026-03-30T15:44:46","modified_gmt":"2026-03-30T15:44:46","slug":"science-and-innovation","status":"publish","type":"page","link":"https:\/\/campusbiotech.ch\/fr\/science-and-innovation\/","title":{"rendered":"Science &amp; innovation"},"content":{"rendered":"","protected":false},"excerpt":{"rendered":"","protected":false},"author":2,"featured_media":0,"parent":0,"menu_order":2,"comment_status":"closed","ping_status":"closed","template":"pages\/template-flexible.php","meta":{"_acf_changed":false,"inline_featured_image":false,"footnotes":""},"class_list":["post-1214","page","type-page","status-publish","hentry"],"acf":{"page_content":[{"acf_fc_layout":"hero_section","min_height":80,"image_or_video":false,"hero_image":2070,"bg_vimeo_id":"","bg_video_poster":null,"add_title_text":false,"top_left_title":"","bottom_right_title":"","show_decor_arrow":false,"popup_vimeo_id":"","play_button_image":""},{"acf_fc_layout":"intro_section","add_border_bottom":false,"add_decor_arrow":false,"intro_text":"Des connexions qui font avancer la science. Des avanc\u00e9es qui am\u00e9liorent la vie."},{"acf_fc_layout":"two_columns_articles","articles":[{"reverse_columns":false,"text_content":"<h2>Science et innovation<\/h2>\r\n<span style=\"font-size: 20px;\">Acc\u00e8s aux ressources essentielles et aux d\u00e9cideurs cl\u00e9s.<\/span>\r\n\r\n<span style=\"font-size: 20px;\">Campus Biotech a \u00e9t\u00e9 cr\u00e9\u00e9 pour d\u00e9passer les fronti\u00e8res entre disciplines et secteurs, en favorisant l\u2019\u00e9change d\u2019id\u00e9es et d\u2019opportunit\u00e9s. Il s\u2019agit d\u2019un \u00e9cosyst\u00e8me fond\u00e9 sur trois valeurs fondamentales : innovation, collaboration et recherche translationnelle.<\/span>\r\n\r\n<span style=\"font-size: 20px;\">En cr\u00e9ant un environnement propice \u00e0 l\u2019innovation, Campus Biotech contribue \u00e0 faire \u00e9merger de nouvelles approches et m\u00e9thodes au service des patients et des populations.<\/span>\r\n\r\n<span style=\"font-size: 20px;\">Convaincu du pouvoir de la collaboration, Campus Biotech r\u00e9unit des chercheurs de renom en sciences de la vie, des experts, des entrepreneurs et des entreprises \u00e9tablies, afin de garantir aux projets l\u2019acc\u00e8s aux ressources et aux comp\u00e9tences n\u00e9cessaires pour aboutir \u00e0 des perc\u00e9es scientifiques.<\/span>","image":2066}]},{"acf_fc_layout":"background_video_and_right_boxed_text","id":"translational-research","image":2058,"vimeo_video_id":"1047482084","heading":"Recherche translationnelle et innovation","lead_text":"Depuis dix ans, au sein du Campus Biotech \u2014 un p\u00f4le qui r\u00e9unit sous un m\u00eame toit plusieurs institutions et organisations ind\u00e9pendantes, dont le Wyss Center \u2014 nous avons d\u00e9velopp\u00e9 des capacit\u00e9s de recherche et d\u00e9veloppement translationnelle de pointe.\r\n\r\nEn collaboration avec des universitaires, des cliniciens et des partenaires industriels, nous accompagnons une large diversit\u00e9 de projets de recherche. Les technologies que nous contribuons \u00e0 faire \u00e9merger ont le potentiel de transformer des vies \u00e0 l\u2019\u00e9chelle mondiale, en am\u00e9liorant le bien-\u00eatre des personnes et des familles touch\u00e9es par des troubles neurologiques et mentaux.","text":"","buttons":[{"button":{"title":"THE WYSS CENTER FOR BIO AND NEUROENGINEERING","url":"https:\/\/campusbiotech.ch\/fr\/translational\/the-wyss-center-for-bio-and-neuroengineering\/","target":""}}],"buttons_layout":"one","position":false},{"acf_fc_layout":"background_video_and_right_boxed_text","id":"","image":4548,"vimeo_video_id":"","heading":"P\u00f4le IA pour les soins, la recherche et l\u2019innovation","lead_text":"Le P\u00f4le IA d\u00e9veloppe des solutions d\u2019intelligence artificielle et de neurotechnologies au service des patients gr\u00e2ce \u00e0 une collaboration unique entre les H\u00f4pitaux universitaires de Gen\u00e8ve (HUG), le Wyss Center for Neuroengineering et l\u2019\u00c9tat de Gen\u00e8ve. En r\u00e9unissant expertise clinique, recherche translationnelle et innovation num\u00e9rique, il renforce les synergies entre soins, science et technologie.\r\n\r\nLe P\u00f4le propose des consultations sp\u00e9cialis\u00e9es, conduit des projets de recherche int\u00e9grant l\u2019intelligence artificielle et d\u00e9veloppe des solutions de m\u00e9decine de pr\u00e9cision. Il promeut \u00e9galement la pr\u00e9vention, l\u2019optimisation des processus et une innovation responsable. Il constitue enfin un espace de dialogue, de formation et de collaboration internationale autour des enjeux \u00e9thiques et soci\u00e9taux de l\u2019IA en sant\u00e9.\r\n<p id=\"caption-attachment-4471\" class=\"wp-caption-text\">Photo: @HUG-David Wagni\u00e8res<\/p>","text":"","buttons":[{"button":{"title":"Faire progresser l\u2019IA et les neurotechnologies au service des patients \u00e0 Gen\u00e8ve","url":"https:\/\/campusbiotech.ch\/fr\/translational\/ai-hub\/","target":""}}],"buttons_layout":"one","position":true},{"acf_fc_layout":"research_grid","id":"research-clusters","heading":" Research Clusters & Clinical Activities","posts_number":7,"columns_number":"4","background_image":3378}]},"yoast_head":"<!-- This site is optimized with the Yoast SEO plugin v26.8 - https:\/\/yoast.com\/product\/yoast-seo-wordpress\/ -->\n<title>Science and Innovation at Campus Biotech<\/title>\n<meta name=\"description\" content=\"Le Campus Biotech est un \u00e9cosyst\u00e8me fond\u00e9 sur trois valeurs : l\u2019innovation, la collaboration et le transfert de connaissance. L\u2019acc\u00e8s aux ressources dont vous avez besoin et aux d\u00e9cideurs qui comptent.\" \/>\n<meta name=\"robots\" content=\"index, follow, max-snippet:-1, max-image-preview:large, max-video-preview:-1\" \/>\n<link rel=\"canonical\" href=\"https:\/\/campusbiotech.ch\/fr\/science-and-innovation\/\" \/>\n<meta property=\"og:locale\" content=\"fr_FR\" \/>\n<meta property=\"og:type\" content=\"article\" \/>\n<meta property=\"og:title\" content=\"Science and Innovation at Campus Biotech\" \/>\n<meta property=\"og:description\" content=\"Le Campus Biotech est un \u00e9cosyst\u00e8me fond\u00e9 sur trois valeurs : l\u2019innovation, la collaboration et le transfert de connaissance. L\u2019acc\u00e8s aux ressources dont vous avez besoin et aux d\u00e9cideurs qui comptent.\" \/>\n<meta property=\"og:url\" content=\"https:\/\/campusbiotech.ch\/fr\/science-and-innovation\/\" \/>\n<meta property=\"og:site_name\" content=\"Campus Biotech\" \/>\n<meta property=\"article:modified_time\" content=\"2026-03-30T15:44:46+00:00\" \/>\n<meta name=\"twitter:card\" content=\"summary_large_image\" \/>\n<script type=\"application\/ld+json\" class=\"yoast-schema-graph\">{\"@context\":\"https:\/\/schema.org\",\"@graph\":[{\"@type\":\"WebPage\",\"@id\":\"https:\/\/campusbiotech.ch\/fr\/science-and-innovation\/\",\"url\":\"https:\/\/campusbiotech.ch\/fr\/science-and-innovation\/\",\"name\":\"Science and Innovation at Campus Biotech\",\"isPartOf\":{\"@id\":\"https:\/\/campusbiotech.ch\/#website\"},\"datePublished\":\"2024-10-21T22:16:31+00:00\",\"dateModified\":\"2026-03-30T15:44:46+00:00\",\"description\":\"Le Campus Biotech est un \u00e9cosyst\u00e8me fond\u00e9 sur trois valeurs : l\u2019innovation, la collaboration et le transfert de connaissance. L\u2019acc\u00e8s aux ressources dont vous avez besoin et aux d\u00e9cideurs qui comptent.\",\"breadcrumb\":{\"@id\":\"https:\/\/campusbiotech.ch\/fr\/science-and-innovation\/#breadcrumb\"},\"inLanguage\":\"fr-FR\",\"potentialAction\":[{\"@type\":\"ReadAction\",\"target\":[\"https:\/\/campusbiotech.ch\/fr\/science-and-innovation\/\"]}]},{\"@type\":\"BreadcrumbList\",\"@id\":\"https:\/\/campusbiotech.ch\/fr\/science-and-innovation\/#breadcrumb\",\"itemListElement\":[{\"@type\":\"ListItem\",\"position\":1,\"name\":\"Home\",\"item\":\"https:\/\/campusbiotech.ch\/fr\/\"},{\"@type\":\"ListItem\",\"position\":2,\"name\":\"Science &amp; innovation\"}]},{\"@type\":\"WebSite\",\"@id\":\"https:\/\/campusbiotech.ch\/#website\",\"url\":\"https:\/\/campusbiotech.ch\/\",\"name\":\"Campus Biotech\",\"description\":\"Where Science meets Life\",\"potentialAction\":[{\"@type\":\"SearchAction\",\"target\":{\"@type\":\"EntryPoint\",\"urlTemplate\":\"https:\/\/campusbiotech.ch\/?s={search_term_string}\"},\"query-input\":{\"@type\":\"PropertyValueSpecification\",\"valueRequired\":true,\"valueName\":\"search_term_string\"}}],\"inLanguage\":\"fr-FR\"}]}<\/script>\n<!-- \/ Yoast SEO plugin. -->","yoast_head_json":{"title":"Science and Innovation at Campus Biotech","description":"Le Campus Biotech est un \u00e9cosyst\u00e8me fond\u00e9 sur trois valeurs : l\u2019innovation, la collaboration et le transfert de connaissance. L\u2019acc\u00e8s aux ressources dont vous avez besoin et aux d\u00e9cideurs qui comptent.","robots":{"index":"index","follow":"follow","max-snippet":"max-snippet:-1","max-image-preview":"max-image-preview:large","max-video-preview":"max-video-preview:-1"},"canonical":"https:\/\/campusbiotech.ch\/fr\/science-and-innovation\/","og_locale":"fr_FR","og_type":"article","og_title":"Science and Innovation at Campus Biotech","og_description":"Le Campus Biotech est un \u00e9cosyst\u00e8me fond\u00e9 sur trois valeurs : l\u2019innovation, la collaboration et le transfert de connaissance. L\u2019acc\u00e8s aux ressources dont vous avez besoin et aux d\u00e9cideurs qui comptent.","og_url":"https:\/\/campusbiotech.ch\/fr\/science-and-innovation\/","og_site_name":"Campus Biotech","article_modified_time":"2026-03-30T15:44:46+00:00","twitter_card":"summary_large_image","schema":{"@context":"https:\/\/schema.org","@graph":[{"@type":"WebPage","@id":"https:\/\/campusbiotech.ch\/fr\/science-and-innovation\/","url":"https:\/\/campusbiotech.ch\/fr\/science-and-innovation\/","name":"Science and Innovation at Campus Biotech","isPartOf":{"@id":"https:\/\/campusbiotech.ch\/#website"},"datePublished":"2024-10-21T22:16:31+00:00","dateModified":"2026-03-30T15:44:46+00:00","description":"Le Campus Biotech est un \u00e9cosyst\u00e8me fond\u00e9 sur trois valeurs : l\u2019innovation, la collaboration et le transfert de connaissance. L\u2019acc\u00e8s aux ressources dont vous avez besoin et aux d\u00e9cideurs qui comptent.","breadcrumb":{"@id":"https:\/\/campusbiotech.ch\/fr\/science-and-innovation\/#breadcrumb"},"inLanguage":"fr-FR","potentialAction":[{"@type":"ReadAction","target":["https:\/\/campusbiotech.ch\/fr\/science-and-innovation\/"]}]},{"@type":"BreadcrumbList","@id":"https:\/\/campusbiotech.ch\/fr\/science-and-innovation\/#breadcrumb","itemListElement":[{"@type":"ListItem","position":1,"name":"Home","item":"https:\/\/campusbiotech.ch\/fr\/"},{"@type":"ListItem","position":2,"name":"Science &amp; innovation"}]},{"@type":"WebSite","@id":"https:\/\/campusbiotech.ch\/#website","url":"https:\/\/campusbiotech.ch\/","name":"Campus Biotech","description":"Where Science meets Life","potentialAction":[{"@type":"SearchAction","target":{"@type":"EntryPoint","urlTemplate":"https:\/\/campusbiotech.ch\/?s={search_term_string}"},"query-input":{"@type":"PropertyValueSpecification","valueRequired":true,"valueName":"search_term_string"}}],"inLanguage":"fr-FR"}]}},"_links":{"self":[{"href":"https:\/\/campusbiotech.ch\/fr\/wp-json\/wp\/v2\/pages\/1214","targetHints":{"allow":["GET"]}}],"collection":[{"href":"https:\/\/campusbiotech.ch\/fr\/wp-json\/wp\/v2\/pages"}],"about":[{"href":"https:\/\/campusbiotech.ch\/fr\/wp-json\/wp\/v2\/types\/page"}],"author":[{"embeddable":true,"href":"https:\/\/campusbiotech.ch\/fr\/wp-json\/wp\/v2\/users\/2"}],"replies":[{"embeddable":true,"href":"https:\/\/campusbiotech.ch\/fr\/wp-json\/wp\/v2\/comments?post=1214"}],"version-history":[{"count":0,"href":"https:\/\/campusbiotech.ch\/fr\/wp-json\/wp\/v2\/pages\/1214\/revisions"}],"wp:attachment":[{"href":"https:\/\/campusbiotech.ch\/fr\/wp-json\/wp\/v2\/media?parent=1214"}],"curies":[{"name":"wp","href":"https:\/\/api.w.org\/{rel}","templated":true}]}}