{"id":1216,"date":"2024-10-11T07:42:07","date_gmt":"2024-10-11T07:42:07","guid":{"rendered":"https:\/\/campusbiostg.wpenginepowered.com\/sample-page\/"},"modified":"2026-03-03T16:22:28","modified_gmt":"2026-03-03T16:22:28","slug":"sample-page","status":"publish","type":"page","link":"https:\/\/campusbiotech.ch\/fr\/","title":{"rendered":"Home"},"content":{"rendered":"","protected":false},"excerpt":{"rendered":"","protected":false},"author":2,"featured_media":3337,"parent":0,"menu_order":1,"comment_status":"closed","ping_status":"closed","template":"pages\/template-flexible.php","meta":{"_acf_changed":false,"inline_featured_image":false,"footnotes":""},"class_list":["post-1216","page","type-page","status-publish","has-post-thumbnail","hentry"],"acf":{"page_content":[{"acf_fc_layout":"hero_section","min_height":100,"image_or_video":true,"hero_image":769,"bg_vimeo_id":"1053674101","bg_video_poster":2531,"add_title_text":true,"top_left_title":"Where\r\nScience","bottom_right_title":"Meets \r\nlife","show_decor_arrow":true,"popup_vimeo_id":"1046366431","play_button_image":2552},{"acf_fc_layout":"intro_section","add_border_bottom":false,"add_decor_arrow":false,"intro_text":"Au carrefour de la rigueur scientifique et \u00e9nergie humaine"},{"acf_fc_layout":"background_video_and_right_boxed_text","id":"","image":2340,"vimeo_video_id":"","heading":"Campus Biotech","lead_text":"<span style=\"font-size: 20px;\">Campus Biotech est un p\u00f4le des sciences de la vie \u00e0 la fois diversifi\u00e9 et dynamique, situ\u00e9 au c\u0153ur de la Health Valley, o\u00f9 convergent les talents, les id\u00e9es et les opportunit\u00e9s.<\/span>\r\n\r\n<span style=\"font-size: 20px;\">Il s\u2019agit d\u2019un \u00e9cosyst\u00e8me con\u00e7u pour encourager les connexions, le sentiment d\u2019appartenance et la collaboration entre un large panel de disciplines et de secteurs. Il allie l\u2019engagement humain en faveur du soin et de la sant\u00e9 \u00e0 l\u2019ing\u00e9niosit\u00e9 scientifique la plus rigoureuse, faisant de ce lieu un espace unique o\u00f9 les technologies de pointe rencontrent les esprits les plus brillants, o\u00f9 la recherche devient r\u00e9alit\u00e9, et o\u00f9 la science rejoint la vie.<\/span>","text":"","buttons":null,"buttons_layout":"one","position":false},{"acf_fc_layout":"stats_section","stats_list":[{"content_type":"stats","stats_title":"60 000 m\u00b2","description":"Surface totale","image":null},{"content_type":"stats","stats_title":"1 400","description":"Personnes sur site","image":null},{"content_type":"stats","stats_title":"60+","description":"Groupes de recherche","image":null},{"content_type":"image","stats_title":"","description":"","image":2660},{"content_type":"image","stats_title":"","description":"","image":771},{"content_type":"stats","stats_title":"20+","description":"Salles de conf\u00e9rences","image":null},{"content_type":"stats","stats_title":"26 000 m\u00b2","description":"Surface des installations de recherche","image":null},{"content_type":"stats","stats_title":"10+","description":"Plateformes scientifiques","image":null}]},{"acf_fc_layout":"background_video_and_right_boxed_text","id":"","image":1811,"vimeo_video_id":"1046409928","heading":"Recherche et innovation translationnelle","lead_text":"L\u00e0 o\u00f9 la recherche acad\u00e9mique rencontre les opportunit\u00e9s du monde r\u00e9el.","text":"<span style=\"font-size: 20px;\">Campus Biotech cr\u00e9e des opportunit\u00e9s uniques de collaboration, d\u2019innovation et de recherche translationnelle. Il offre un acc\u00e8s privil\u00e9gi\u00e9 \u00e0 l\u2019excellence des sciences de la vie, tant au niveau national qu\u2019international, et favorise les synergies entre experts de la recherche acad\u00e9mique et clinique, industriels, entrepreneurs et partenaires institutionnels.<\/span>\r\n\r\n<span style=\"font-size: 20px;\">Ces interactions donnent lieu \u00e0 des partenariats pionniers et acc\u00e9l\u00e8rent la transformation des d\u00e9couvertes scientifiques en solutions concr\u00e8tes qui am\u00e9liorent la vie.<\/span>","buttons":[{"button":{"title":"Science & innovation","url":"https:\/\/campusbiotech.ch\/fr\/science-and-innovation\/","target":""}}],"buttons_layout":"one","position":true},{"acf_fc_layout":"logos_slider","heading":"Partenaires","link_more":{"title":"Toutes les entreprises","url":"https:\/\/campusbiotech.ch\/fr\/companies\/","target":""},"background_color_dark":true,"randomize_logos_order":false,"show_all_companies":false,"selected_companies":[4214,4208,4207,4202,4201,4210,4200]},{"acf_fc_layout":"logos_slider","heading":"Entreprises et startups","link_more":{"title":"Toutes les entreprises","url":"https:\/\/campusbiotech.ch\/fr\/companies\/","target":""},"background_color_dark":false,"randomize_logos_order":true,"show_all_companies":true,"selected_companies":null},{"acf_fc_layout":"events_section","heading":"Prochains \u00e9v\u00e9nements","link_more":{"title":"Tous les \u00e9v\u00e9nements","url":"https:\/\/campusbiotech.ch\/fr\/events-page\/","target":""}},{"acf_fc_layout":"news_section","heading":"Actualit\u00e9s","link_more":{"title":"Toutes les actualit\u00e9s","url":"https:\/\/campusbiotech.ch\/fr\/news\/","target":""}},{"acf_fc_layout":"two_columns_boxed_content"}]},"yoast_head":"<!-- This site is optimized with the Yoast SEO plugin v27.3 - https:\/\/yoast.com\/product\/yoast-seo-wordpress\/ -->\n<title>Campus Biotech - Where Science meets Life<\/title>\n<meta name=\"description\" content=\"Campus Biotech est un lieu d&#039;interaction entre la rigueur scientifique et l&#039;\u00e9nergie humaine.\" \/>\n<meta name=\"robots\" content=\"index, follow, max-snippet:-1, max-image-preview:large, max-video-preview:-1\" \/>\n<link rel=\"canonical\" href=\"https:\/\/campusbiotech.ch\/fr\/\" \/>\n<meta property=\"og:locale\" content=\"fr_FR\" \/>\n<meta property=\"og:type\" content=\"article\" \/>\n<meta property=\"og:title\" content=\"Campus Biotech - Where Science meets Life\" \/>\n<meta property=\"og:description\" content=\"Campus Biotech est un lieu d&#039;interaction entre la rigueur scientifique et l&#039;\u00e9nergie humaine.\" \/>\n<meta property=\"og:url\" content=\"https:\/\/campusbiotech.ch\/fr\/\" \/>\n<meta property=\"og:site_name\" content=\"Campus Biotech\" \/>\n<meta property=\"article:modified_time\" content=\"2026-03-03T16:22:28+00:00\" \/>\n<meta property=\"og:image\" content=\"https:\/\/campusbiotech.ch\/wp-content\/uploads\/2025\/03\/img_socialgraph.jpg\" \/>\n\t<meta property=\"og:image:width\" content=\"1200\" \/>\n\t<meta property=\"og:image:height\" content=\"646\" \/>\n\t<meta property=\"og:image:type\" content=\"image\/jpeg\" \/>\n<meta name=\"twitter:card\" content=\"summary_large_image\" \/>\n<meta name=\"twitter:label1\" content=\"Est. reading time\" \/>\n\t<meta name=\"twitter:data1\" content=\"1 minute\" \/>\n<script type=\"application\/ld+json\" class=\"yoast-schema-graph\">{\"@context\":\"https:\\\/\\\/schema.org\",\"@graph\":[{\"@type\":\"WebPage\",\"@id\":\"https:\\\/\\\/campusbiotech.ch\\\/fr\\\/\",\"url\":\"https:\\\/\\\/campusbiotech.ch\\\/fr\\\/\",\"name\":\"Campus Biotech - Where Science meets Life\",\"isPartOf\":{\"@id\":\"https:\\\/\\\/campusbiotech.ch\\\/#website\"},\"primaryImageOfPage\":{\"@id\":\"https:\\\/\\\/campusbiotech.ch\\\/fr\\\/#primaryimage\"},\"image\":{\"@id\":\"https:\\\/\\\/campusbiotech.ch\\\/fr\\\/#primaryimage\"},\"thumbnailUrl\":\"https:\\\/\\\/campusbiotech.ch\\\/wp-content\\\/uploads\\\/2025\\\/03\\\/img_socialgraph.jpg\",\"datePublished\":\"2024-10-11T07:42:07+00:00\",\"dateModified\":\"2026-03-03T16:22:28+00:00\",\"description\":\"Campus Biotech est un lieu d'interaction entre la rigueur scientifique et l'\u00e9nergie humaine.\",\"breadcrumb\":{\"@id\":\"https:\\\/\\\/campusbiotech.ch\\\/fr\\\/#breadcrumb\"},\"inLanguage\":\"fr-FR\",\"potentialAction\":[{\"@type\":\"ReadAction\",\"target\":[\"https:\\\/\\\/campusbiotech.ch\\\/fr\\\/\"]}]},{\"@type\":\"ImageObject\",\"inLanguage\":\"fr-FR\",\"@id\":\"https:\\\/\\\/campusbiotech.ch\\\/fr\\\/#primaryimage\",\"url\":\"https:\\\/\\\/campusbiotech.ch\\\/wp-content\\\/uploads\\\/2025\\\/03\\\/img_socialgraph.jpg\",\"contentUrl\":\"https:\\\/\\\/campusbiotech.ch\\\/wp-content\\\/uploads\\\/2025\\\/03\\\/img_socialgraph.jpg\",\"width\":1200,\"height\":646},{\"@type\":\"BreadcrumbList\",\"@id\":\"https:\\\/\\\/campusbiotech.ch\\\/fr\\\/#breadcrumb\",\"itemListElement\":[{\"@type\":\"ListItem\",\"position\":1,\"name\":\"Home\",\"item\":\"https:\\\/\\\/campusbiotech.ch\\\/fr\\\/\"},{\"@type\":\"ListItem\",\"position\":2,\"name\":\"Home\"}]},{\"@type\":\"WebSite\",\"@id\":\"https:\\\/\\\/campusbiotech.ch\\\/#website\",\"url\":\"https:\\\/\\\/campusbiotech.ch\\\/\",\"name\":\"Campus Biotech\",\"description\":\"Where Science meets Life\",\"potentialAction\":[{\"@type\":\"SearchAction\",\"target\":{\"@type\":\"EntryPoint\",\"urlTemplate\":\"https:\\\/\\\/campusbiotech.ch\\\/?s={search_term_string}\"},\"query-input\":{\"@type\":\"PropertyValueSpecification\",\"valueRequired\":true,\"valueName\":\"search_term_string\"}}],\"inLanguage\":\"fr-FR\"}]}<\/script>\n<!-- \/ Yoast SEO plugin. -->","yoast_head_json":{"title":"Campus Biotech - Where Science meets Life","description":"Campus Biotech est un lieu d'interaction entre la rigueur scientifique et l'\u00e9nergie humaine.","robots":{"index":"index","follow":"follow","max-snippet":"max-snippet:-1","max-image-preview":"max-image-preview:large","max-video-preview":"max-video-preview:-1"},"canonical":"https:\/\/campusbiotech.ch\/fr\/","og_locale":"fr_FR","og_type":"article","og_title":"Campus Biotech - Where Science meets Life","og_description":"Campus Biotech est un lieu d'interaction entre la rigueur scientifique et l'\u00e9nergie humaine.","og_url":"https:\/\/campusbiotech.ch\/fr\/","og_site_name":"Campus Biotech","article_modified_time":"2026-03-03T16:22:28+00:00","og_image":[{"width":1200,"height":646,"url":"https:\/\/campusbiotech.ch\/wp-content\/uploads\/2025\/03\/img_socialgraph.jpg","type":"image\/jpeg"}],"twitter_card":"summary_large_image","twitter_misc":{"Est. reading time":"1 minute"},"schema":{"@context":"https:\/\/schema.org","@graph":[{"@type":"WebPage","@id":"https:\/\/campusbiotech.ch\/fr\/","url":"https:\/\/campusbiotech.ch\/fr\/","name":"Campus Biotech - Where Science meets Life","isPartOf":{"@id":"https:\/\/campusbiotech.ch\/#website"},"primaryImageOfPage":{"@id":"https:\/\/campusbiotech.ch\/fr\/#primaryimage"},"image":{"@id":"https:\/\/campusbiotech.ch\/fr\/#primaryimage"},"thumbnailUrl":"https:\/\/campusbiotech.ch\/wp-content\/uploads\/2025\/03\/img_socialgraph.jpg","datePublished":"2024-10-11T07:42:07+00:00","dateModified":"2026-03-03T16:22:28+00:00","description":"Campus Biotech est un lieu d'interaction entre la rigueur scientifique et l'\u00e9nergie humaine.","breadcrumb":{"@id":"https:\/\/campusbiotech.ch\/fr\/#breadcrumb"},"inLanguage":"fr-FR","potentialAction":[{"@type":"ReadAction","target":["https:\/\/campusbiotech.ch\/fr\/"]}]},{"@type":"ImageObject","inLanguage":"fr-FR","@id":"https:\/\/campusbiotech.ch\/fr\/#primaryimage","url":"https:\/\/campusbiotech.ch\/wp-content\/uploads\/2025\/03\/img_socialgraph.jpg","contentUrl":"https:\/\/campusbiotech.ch\/wp-content\/uploads\/2025\/03\/img_socialgraph.jpg","width":1200,"height":646},{"@type":"BreadcrumbList","@id":"https:\/\/campusbiotech.ch\/fr\/#breadcrumb","itemListElement":[{"@type":"ListItem","position":1,"name":"Home","item":"https:\/\/campusbiotech.ch\/fr\/"},{"@type":"ListItem","position":2,"name":"Home"}]},{"@type":"WebSite","@id":"https:\/\/campusbiotech.ch\/#website","url":"https:\/\/campusbiotech.ch\/","name":"Campus Biotech","description":"Where Science meets Life","potentialAction":[{"@type":"SearchAction","target":{"@type":"EntryPoint","urlTemplate":"https:\/\/campusbiotech.ch\/?s={search_term_string}"},"query-input":{"@type":"PropertyValueSpecification","valueRequired":true,"valueName":"search_term_string"}}],"inLanguage":"fr-FR"}]}},"_links":{"self":[{"href":"https:\/\/campusbiotech.ch\/fr\/wp-json\/wp\/v2\/pages\/1216","targetHints":{"allow":["GET"]}}],"collection":[{"href":"https:\/\/campusbiotech.ch\/fr\/wp-json\/wp\/v2\/pages"}],"about":[{"href":"https:\/\/campusbiotech.ch\/fr\/wp-json\/wp\/v2\/types\/page"}],"author":[{"embeddable":true,"href":"https:\/\/campusbiotech.ch\/fr\/wp-json\/wp\/v2\/users\/2"}],"replies":[{"embeddable":true,"href":"https:\/\/campusbiotech.ch\/fr\/wp-json\/wp\/v2\/comments?post=1216"}],"version-history":[{"count":0,"href":"https:\/\/campusbiotech.ch\/fr\/wp-json\/wp\/v2\/pages\/1216\/revisions"}],"wp:featuredmedia":[{"embeddable":true,"href":"https:\/\/campusbiotech.ch\/fr\/wp-json\/wp\/v2\/media\/3337"}],"wp:attachment":[{"href":"https:\/\/campusbiotech.ch\/fr\/wp-json\/wp\/v2\/media?parent=1216"}],"curies":[{"name":"wp","href":"https:\/\/api.w.org\/{rel}","templated":true}]}}