{"id":3623,"date":"2024-10-21T22:17:13","date_gmt":"2024-10-21T22:17:13","guid":{"rendered":"https:\/\/campusbiostg.wpenginepowered.com\/platforms-and-services\/"},"modified":"2026-01-15T14:41:27","modified_gmt":"2026-01-15T14:41:27","slug":"platforms-et-services","status":"publish","type":"page","link":"https:\/\/campusbiotech.ch\/fr\/platforms-et-services\/","title":{"rendered":"Platforms &amp; services"},"content":{"rendered":"","protected":false},"excerpt":{"rendered":"","protected":false},"author":2,"featured_media":0,"parent":0,"menu_order":3,"comment_status":"closed","ping_status":"closed","template":"pages\/template-flexible.php","meta":{"_acf_changed":false,"inline_featured_image":false,"footnotes":""},"class_list":["post-3623","page","type-page","status-publish","hentry"],"acf":{"page_content":[{"acf_fc_layout":"hero_section","min_height":80,"image_or_video":false,"hero_image":2504,"bg_vimeo_id":"","bg_video_poster":null,"add_title_text":false,"top_left_title":"IMAGE TO BE REPLACED","bottom_right_title":"","show_decor_arrow":false,"popup_vimeo_id":"","play_button_image":""},{"acf_fc_layout":"intro_section","add_border_bottom":true,"add_decor_arrow":false,"intro_text":"L\u00e0 o\u00f9 technologie de pointe et excellence intellectuelle se rencontrent."},{"acf_fc_layout":"one_line_text_and_image","line":null},{"acf_fc_layout":"background_video_and_right_boxed_text","id":"","image":2249,"vimeo_video_id":"","heading":"","lead_text":"<h2>Plateformes et services<\/h2>\r\n<span style=\"font-size: 20px;\">Campus Biotech est un \u00e9cosyst\u00e8me interconnect\u00e9 de plateformes sp\u00e9cialis\u00e9es en sant\u00e9 globale, neurosciences et sant\u00e9 num\u00e9rique.<\/span>\r\n\r\n<span style=\"font-size: 20px;\">Ces plateformes s\u2019appuient sur un large \u00e9ventail de services et d\u2019infrastructures destin\u00e9s \u00e0 acc\u00e9l\u00e9rer l\u2019innovation, la collaboration et le transfert des d\u00e9couvertes acad\u00e9miques vers des solutions concr\u00e8tes et commercialisables.<\/span>","text":"","buttons":null,"buttons_layout":"one","position":false},{"acf_fc_layout":"platforms_section","id":"platforms","heading":"Plateformes scientifiques","top_separator":true},{"acf_fc_layout":"services_section","id":"general-services","heading":"Services","posts_number":5,"columns_number":"5","background_image":2652},{"acf_fc_layout":"start_up_services","id":"start-up-services","image":2074,"vimeo_video_id":"1047486333","heading":"Specialised start-up services","lead_text":"Campus Biotech est un \u00e9cosyst\u00e8me dynamique o\u00f9 institutions et organisations ind\u00e9pendantes se rassemblent sous un m\u00eame toit pour offrir un environnement propice aux start-up. Elles y trouvent un soutien adapt\u00e9, un acc\u00e8s \u00e0 des ressources cl\u00e9s, ainsi que des opportunit\u00e9s de collaboration et de mise en r\u00e9seau \u2014 autant d\u2019\u00e9l\u00e9ments essentiels \u00e0 la r\u00e9ussite et \u00e0 la croissance des jeunes entreprises du secteur des biotechnologies.","text":"","posts":[3630,3765,3766]},{"acf_fc_layout":"two_columns_boxed_content"}]},"yoast_head":"<!-- This site is optimized with the Yoast SEO plugin v27.3 - https:\/\/yoast.com\/product\/yoast-seo-wordpress\/ -->\n<title>Platforms and services at the Campus Biotech<\/title>\n<meta name=\"description\" content=\"Campus Biotech est un \u00e9cosyst\u00e8me interconnect\u00e9 de plateformes sp\u00e9cialis\u00e9es en sant\u00e9 mondiale, en neurosciences et en sant\u00e9 num\u00e9rique.\" \/>\n<meta name=\"robots\" content=\"index, follow, max-snippet:-1, max-image-preview:large, max-video-preview:-1\" \/>\n<link rel=\"canonical\" href=\"https:\/\/campusbiotech.ch\/fr\/platforms-et-services\/\" \/>\n<meta property=\"og:locale\" content=\"fr_FR\" \/>\n<meta property=\"og:type\" content=\"article\" \/>\n<meta property=\"og:title\" content=\"Platforms and services at the Campus Biotech\" \/>\n<meta property=\"og:description\" content=\"Campus Biotech est un \u00e9cosyst\u00e8me interconnect\u00e9 de plateformes sp\u00e9cialis\u00e9es en sant\u00e9 mondiale, en neurosciences et en sant\u00e9 num\u00e9rique.\" \/>\n<meta property=\"og:url\" content=\"https:\/\/campusbiotech.ch\/fr\/platforms-et-services\/\" \/>\n<meta property=\"og:site_name\" content=\"Campus Biotech\" \/>\n<meta property=\"article:modified_time\" content=\"2026-01-15T14:41:27+00:00\" \/>\n<meta name=\"twitter:card\" content=\"summary_large_image\" \/>\n<script type=\"application\/ld+json\" class=\"yoast-schema-graph\">{\"@context\":\"https:\\\/\\\/schema.org\",\"@graph\":[{\"@type\":\"WebPage\",\"@id\":\"https:\\\/\\\/campusbiotech.ch\\\/fr\\\/platforms-et-services\\\/\",\"url\":\"https:\\\/\\\/campusbiotech.ch\\\/fr\\\/platforms-et-services\\\/\",\"name\":\"Platforms and services at the Campus Biotech\",\"isPartOf\":{\"@id\":\"https:\\\/\\\/campusbiotech.ch\\\/#website\"},\"datePublished\":\"2024-10-21T22:17:13+00:00\",\"dateModified\":\"2026-01-15T14:41:27+00:00\",\"description\":\"Campus Biotech est un \u00e9cosyst\u00e8me interconnect\u00e9 de plateformes sp\u00e9cialis\u00e9es en sant\u00e9 mondiale, en neurosciences et en sant\u00e9 num\u00e9rique.\",\"breadcrumb\":{\"@id\":\"https:\\\/\\\/campusbiotech.ch\\\/fr\\\/platforms-et-services\\\/#breadcrumb\"},\"inLanguage\":\"fr-FR\",\"potentialAction\":[{\"@type\":\"ReadAction\",\"target\":[\"https:\\\/\\\/campusbiotech.ch\\\/fr\\\/platforms-et-services\\\/\"]}]},{\"@type\":\"BreadcrumbList\",\"@id\":\"https:\\\/\\\/campusbiotech.ch\\\/fr\\\/platforms-et-services\\\/#breadcrumb\",\"itemListElement\":[{\"@type\":\"ListItem\",\"position\":1,\"name\":\"Home\",\"item\":\"https:\\\/\\\/campusbiotech.ch\\\/fr\\\/\"},{\"@type\":\"ListItem\",\"position\":2,\"name\":\"Platforms &amp; services\"}]},{\"@type\":\"WebSite\",\"@id\":\"https:\\\/\\\/campusbiotech.ch\\\/#website\",\"url\":\"https:\\\/\\\/campusbiotech.ch\\\/\",\"name\":\"Campus Biotech\",\"description\":\"Where Science meets Life\",\"potentialAction\":[{\"@type\":\"SearchAction\",\"target\":{\"@type\":\"EntryPoint\",\"urlTemplate\":\"https:\\\/\\\/campusbiotech.ch\\\/?s={search_term_string}\"},\"query-input\":{\"@type\":\"PropertyValueSpecification\",\"valueRequired\":true,\"valueName\":\"search_term_string\"}}],\"inLanguage\":\"fr-FR\"}]}<\/script>\n<!-- \/ Yoast SEO plugin. -->","yoast_head_json":{"title":"Platforms and services at the Campus Biotech","description":"Campus Biotech est un \u00e9cosyst\u00e8me interconnect\u00e9 de plateformes sp\u00e9cialis\u00e9es en sant\u00e9 mondiale, en neurosciences et en sant\u00e9 num\u00e9rique.","robots":{"index":"index","follow":"follow","max-snippet":"max-snippet:-1","max-image-preview":"max-image-preview:large","max-video-preview":"max-video-preview:-1"},"canonical":"https:\/\/campusbiotech.ch\/fr\/platforms-et-services\/","og_locale":"fr_FR","og_type":"article","og_title":"Platforms and services at the Campus Biotech","og_description":"Campus Biotech est un \u00e9cosyst\u00e8me interconnect\u00e9 de plateformes sp\u00e9cialis\u00e9es en sant\u00e9 mondiale, en neurosciences et en sant\u00e9 num\u00e9rique.","og_url":"https:\/\/campusbiotech.ch\/fr\/platforms-et-services\/","og_site_name":"Campus Biotech","article_modified_time":"2026-01-15T14:41:27+00:00","twitter_card":"summary_large_image","schema":{"@context":"https:\/\/schema.org","@graph":[{"@type":"WebPage","@id":"https:\/\/campusbiotech.ch\/fr\/platforms-et-services\/","url":"https:\/\/campusbiotech.ch\/fr\/platforms-et-services\/","name":"Platforms and services at the Campus Biotech","isPartOf":{"@id":"https:\/\/campusbiotech.ch\/#website"},"datePublished":"2024-10-21T22:17:13+00:00","dateModified":"2026-01-15T14:41:27+00:00","description":"Campus Biotech est un \u00e9cosyst\u00e8me interconnect\u00e9 de plateformes sp\u00e9cialis\u00e9es en sant\u00e9 mondiale, en neurosciences et en sant\u00e9 num\u00e9rique.","breadcrumb":{"@id":"https:\/\/campusbiotech.ch\/fr\/platforms-et-services\/#breadcrumb"},"inLanguage":"fr-FR","potentialAction":[{"@type":"ReadAction","target":["https:\/\/campusbiotech.ch\/fr\/platforms-et-services\/"]}]},{"@type":"BreadcrumbList","@id":"https:\/\/campusbiotech.ch\/fr\/platforms-et-services\/#breadcrumb","itemListElement":[{"@type":"ListItem","position":1,"name":"Home","item":"https:\/\/campusbiotech.ch\/fr\/"},{"@type":"ListItem","position":2,"name":"Platforms &amp; services"}]},{"@type":"WebSite","@id":"https:\/\/campusbiotech.ch\/#website","url":"https:\/\/campusbiotech.ch\/","name":"Campus Biotech","description":"Where Science meets Life","potentialAction":[{"@type":"SearchAction","target":{"@type":"EntryPoint","urlTemplate":"https:\/\/campusbiotech.ch\/?s={search_term_string}"},"query-input":{"@type":"PropertyValueSpecification","valueRequired":true,"valueName":"search_term_string"}}],"inLanguage":"fr-FR"}]}},"_links":{"self":[{"href":"https:\/\/campusbiotech.ch\/fr\/wp-json\/wp\/v2\/pages\/3623","targetHints":{"allow":["GET"]}}],"collection":[{"href":"https:\/\/campusbiotech.ch\/fr\/wp-json\/wp\/v2\/pages"}],"about":[{"href":"https:\/\/campusbiotech.ch\/fr\/wp-json\/wp\/v2\/types\/page"}],"author":[{"embeddable":true,"href":"https:\/\/campusbiotech.ch\/fr\/wp-json\/wp\/v2\/users\/2"}],"replies":[{"embeddable":true,"href":"https:\/\/campusbiotech.ch\/fr\/wp-json\/wp\/v2\/comments?post=3623"}],"version-history":[{"count":0,"href":"https:\/\/campusbiotech.ch\/fr\/wp-json\/wp\/v2\/pages\/3623\/revisions"}],"wp:attachment":[{"href":"https:\/\/campusbiotech.ch\/fr\/wp-json\/wp\/v2\/media?parent=3623"}],"curies":[{"name":"wp","href":"https:\/\/api.w.org\/{rel}","templated":true}]}}