{"id":3631,"date":"2024-10-21T22:18:09","date_gmt":"2024-10-21T22:18:09","guid":{"rendered":"https:\/\/campusbiostg.wpenginepowered.com\/life-at-campus\/"},"modified":"2026-01-15T14:42:09","modified_gmt":"2026-01-15T14:42:09","slug":"life-at-campus","status":"publish","type":"page","link":"https:\/\/campusbiotech.ch\/fr\/life-at-campus\/","title":{"rendered":"Life @ Campus"},"content":{"rendered":"","protected":false},"excerpt":{"rendered":"","protected":false},"author":2,"featured_media":0,"parent":0,"menu_order":4,"comment_status":"closed","ping_status":"closed","template":"pages\/template-flexible.php","meta":{"_acf_changed":false,"inline_featured_image":false,"footnotes":""},"class_list":["post-3631","page","type-page","status-publish","hentry"],"acf":{"page_content":[{"acf_fc_layout":"hero_section","min_height":80,"image_or_video":false,"hero_image":2094,"bg_vimeo_id":"","bg_video_poster":null,"add_title_text":false,"top_left_title":"","bottom_right_title":"","show_decor_arrow":false,"popup_vimeo_id":"","play_button_image":""},{"acf_fc_layout":"one_line_text_and_image","line":[{"content":[{"content_type":"text","text":"Une culture","image":null,"video":null,"preview_image":null},{"content_type":"video","text":"","image":2273,"video":2197,"preview_image":827},{"content_type":"image","text":"","image":828,"video":null,"preview_image":null}]},{"content":[{"content_type":"image","text":"","image":2508,"video":null,"preview_image":null},{"content_type":"text","text":"dynamique","image":null,"video":null,"preview_image":null}]},{"content":[{"content_type":"text","text":"et porteuse <br>de potentiel","image":null,"video":null,"preview_image":null},{"content_type":"video","text":"","image":2277,"video":2618,"preview_image":2277}]}]},{"acf_fc_layout":"background_video_and_right_boxed_text","id":"","image":1932,"vimeo_video_id":"1047430660","heading":"Un \u00e9cosyst\u00e8me riche en \u00e9changes et en synergies","lead_text":"<span style=\"font-size: 20px;\">Campus Biotech favorise la collaboration entre disciplines, institutions, milieux acad\u00e9miques et secteurs priv\u00e9s. Le b\u00e2timent lui-m\u00eame incarne cette vocation, avec ses passerelles qui traversent l\u2019atrium et facilitent les \u00e9changes entre les personnes et leurs id\u00e9es. C\u2019est un \u00e9cosyst\u00e8me qui contribue \u00e0 fa\u00e7onner l\u2019avenir des sciences de la vie et offre un environnement id\u00e9al pour le d\u00e9veloppement des entreprises.<\/span>","text":"","buttons":null,"buttons_layout":"one","position":false},{"acf_fc_layout":"testimonials","posts_number":-1,"background_image":2646},{"acf_fc_layout":"framed_content","background_image":"","heading":"La vie au Campus","text":"Au Campus Biotech, la collaboration est au c\u0153ur de notre mission. En partenariat avec la FCBG, Horizon North supervise les services de supports essentiels \u2014 tels que le parking, l\u2019accueil et la s\u00e9curit\u00e9 \u2014 afin d\u2019assurer une exp\u00e9rience fluide pour tous.\r\n\r\nCet \u00e9cosyst\u00e8me dynamique fa\u00e7onne l\u2019avenir des sciences de la vie et offre un environnement id\u00e9al pour que la recherche et les entreprises puissent innover et se d\u00e9velopper.","boxes":[{"cell_type":"default","image":"","icon":1977,"icon_full-width":false,"title":"Parking","text":"Plus de 400 places disponibles sur le site, dont des emplacements \u00e9quip\u00e9s de bornes de recharge pour v\u00e9hicules \u00e9lectriques."},{"cell_type":"default","image":"","icon":1973,"icon_full-width":false,"title":"Acc\u00e8s v\u00e9lo","text":"Pistes cyclables depuis le centre-ville jusqu\u2019au campus et plus de 75 emplacements s\u00e9curis\u00e9s pour v\u00e9los sur site."},{"cell_type":"default","image":"","icon":1983,"icon_full-width":false,"title":"Accueil","text":"L\u2019accueil du Campus Biotech propose un service de r\u00e9ception chaleureux et professionnel."},{"cell_type":"default","image":1991,"icon":"","icon_full-width":false,"title":"","text":""},{"cell_type":"double-v","image":1993,"icon":"","icon_full-width":false,"title":"","text":""},{"cell_type":"default","image":"","icon":1979,"icon_full-width":false,"title":"Salle de sport","text":"La salle de sport du Campus offre un espace de remise en forme bien \u00e9quip\u00e9, accessible \u00e0 l\u2019ensemble de la communaut\u00e9 Campus Biotech."},{"cell_type":"default","image":"","icon":1975,"icon_full-width":false,"title":"Restauration","text":"Campus Biotech propose une offre vari\u00e9e de restauration, incluant un restaurant avec service complet, une caf\u00e9t\u00e9ria pour les repas rapides, ainsi qu\u2019un service traiteur pour les \u00e9v\u00e9nements et les r\u00e9unions."},{"cell_type":"default","image":"","icon":2722,"icon_full-width":false,"title":"Application MyCampus","text":"Connectez-vous avec les autres r\u00e9sidents, rep\u00e9rez-vous gr\u00e2ce au plan du Campus, consultez les menus du jour, r\u00e9servez des salles de r\u00e9union et restez inform\u00e9 des actualit\u00e9s et \u00e9v\u00e9nements du campus."},{"cell_type":"default","image":"","icon":1685,"icon_full-width":false,"title":"S\u00e9curit\u00e9","text":"Une \u00e9quipe d\u00e9di\u00e9e assure la surveillance 24h\/24 et le contr\u00f4le des acc\u00e8s, garantissant un environnement s\u00fbr et s\u00e9curis\u00e9 pour tous les visiteurs et collaborateurs."},{"cell_type":"default","image":1666,"icon":"","icon_full-width":false,"title":"","text":""},{"cell_type":"default","image":1660,"icon":"","icon_full-width":false,"title":"","text":""}]},{"acf_fc_layout":"posts_slider_with_popups","text":"<h2>Restauration<\/h2>\r\n<span data-sheets-root=\"1\">Campus Biotech propose plusieurs options pour se restaurer : choisissez entre le caf\u00e9 ou le restaurant sur place. Pour encore plus de diversit\u00e9, de nombreuses adresses sont \u00e9galement accessibles \u00e0 proximit\u00e9 imm\u00e9diate du campus.<\/span>","background_color":"white","posts":[3661,3636,3637,3659,3660,3632,3633,3635,3634]},{"acf_fc_layout":"posts_slider_with_popups","text":"<h2>Activit\u00e9s de plein air \u00e0 proximit\u00e9<\/h2>\r\nLe bien-\u00eatre physique et mental fait partie int\u00e9grante de la vie au Campus Biotech. Le site b\u00e9n\u00e9ficie d\u2019espaces verts propices \u00e0 la d\u00e9tente, avec quatre parcs accessibles \u00e0 pied et le lac L\u00e9man, embl\u00e9matique et apaisant, \u00e0 seulement cinq minutes de marche.","background_color":"gray","posts":[3662,3663,3664]},{"acf_fc_layout":"background_video_and_right_boxed_text","id":"","image":1955,"vimeo_video_id":"1047442010","heading":"","lead_text":"<h2>Gen\u00e8ve<\/h2>\r\nGen\u00e8ve est une destination embl\u00e9matique, qui accueille le plus grand nombre d\u2019organisations internationales au monde et constitue un centre de r\u00e9f\u00e9rence en mati\u00e8re de recherche scientifique.\r\n\r\nC\u2019est aussi un lieu id\u00e9al pour celles et ceux qui privil\u00e9gient un mode de vie actif, avec des stations de ski de renomm\u00e9e mondiale \u00e0 proximit\u00e9. En \u00e9t\u00e9, le lac et les plages publiques offrent un cadre parfait pour s\u2019\u00e9vader le temps d\u2019un week-end. Ville au riche patrimoine culturel et \u00e0 la vie nocturne anim\u00e9e, Gen\u00e8ve s\u2019impose comme l\u2019une des villes les plus attractives au monde.","text":"","buttons":null,"buttons_layout":"one","position":false},{"acf_fc_layout":"simple_text","text":"<h2>Accessibilit\u00e9<\/h2>\r\nCampus Biotech est situ\u00e9 au c\u0153ur de Gen\u00e8ve, offrant une desserte excellente aux niveaux national et international, par avion, train et route. Il est \u00e9galement facilement accessible pour les d\u00e9placements locaux, que ce soit en voiture, \u00e0 v\u00e9lo ou \u00e0 pied. La gare de Gen\u00e8ve-S\u00e9cheron se trouve \u00e0 quelques pas.","bottom_margin":"small"},{"acf_fc_layout":"tabs","tabs":[{"title":"Secheron","image":2736,"show_caption":false,"image_link":""},{"title":"Gen\u00e8ve","image":1961,"show_caption":false,"image_link":""}]},{"acf_fc_layout":"two_columns_boxed_content"}]},"yoast_head":"<!-- This site is optimized with the Yoast SEO plugin v27.3 - https:\/\/yoast.com\/product\/yoast-seo-wordpress\/ -->\n<title>Life at Campus Biotech<\/title>\n<meta name=\"description\" content=\"Campus Biotech favorise la collaboration entre disciplines, institutions, le monde acad\u00e9mique et les entreprises, au sein d\u2019une culture dynamique de talents et de potentiel.\" \/>\n<meta name=\"robots\" content=\"index, follow, max-snippet:-1, max-image-preview:large, max-video-preview:-1\" \/>\n<link rel=\"canonical\" href=\"https:\/\/campusbiotech.ch\/fr\/life-at-campus\/\" \/>\n<meta property=\"og:locale\" content=\"fr_FR\" \/>\n<meta property=\"og:type\" content=\"article\" \/>\n<meta property=\"og:title\" content=\"Life at Campus Biotech\" \/>\n<meta property=\"og:description\" content=\"Campus Biotech favorise la collaboration entre disciplines, institutions, le monde acad\u00e9mique et les entreprises, au sein d\u2019une culture dynamique de talents et de potentiel.\" \/>\n<meta property=\"og:url\" content=\"https:\/\/campusbiotech.ch\/fr\/life-at-campus\/\" \/>\n<meta property=\"og:site_name\" content=\"Campus Biotech\" \/>\n<meta property=\"article:modified_time\" content=\"2026-01-15T14:42:09+00:00\" \/>\n<meta name=\"twitter:card\" content=\"summary_large_image\" \/>\n<script type=\"application\/ld+json\" class=\"yoast-schema-graph\">{\"@context\":\"https:\\\/\\\/schema.org\",\"@graph\":[{\"@type\":\"WebPage\",\"@id\":\"https:\\\/\\\/campusbiotech.ch\\\/fr\\\/life-at-campus\\\/\",\"url\":\"https:\\\/\\\/campusbiotech.ch\\\/fr\\\/life-at-campus\\\/\",\"name\":\"Life at Campus Biotech\",\"isPartOf\":{\"@id\":\"https:\\\/\\\/campusbiotech.ch\\\/#website\"},\"datePublished\":\"2024-10-21T22:18:09+00:00\",\"dateModified\":\"2026-01-15T14:42:09+00:00\",\"description\":\"Campus Biotech favorise la collaboration entre disciplines, institutions, le monde acad\u00e9mique et les entreprises, au sein d\u2019une culture dynamique de talents et de potentiel.\",\"breadcrumb\":{\"@id\":\"https:\\\/\\\/campusbiotech.ch\\\/fr\\\/life-at-campus\\\/#breadcrumb\"},\"inLanguage\":\"fr-FR\",\"potentialAction\":[{\"@type\":\"ReadAction\",\"target\":[\"https:\\\/\\\/campusbiotech.ch\\\/fr\\\/life-at-campus\\\/\"]}]},{\"@type\":\"BreadcrumbList\",\"@id\":\"https:\\\/\\\/campusbiotech.ch\\\/fr\\\/life-at-campus\\\/#breadcrumb\",\"itemListElement\":[{\"@type\":\"ListItem\",\"position\":1,\"name\":\"Home\",\"item\":\"https:\\\/\\\/campusbiotech.ch\\\/fr\\\/\"},{\"@type\":\"ListItem\",\"position\":2,\"name\":\"Life @ Campus\"}]},{\"@type\":\"WebSite\",\"@id\":\"https:\\\/\\\/campusbiotech.ch\\\/#website\",\"url\":\"https:\\\/\\\/campusbiotech.ch\\\/\",\"name\":\"Campus Biotech\",\"description\":\"Where Science meets Life\",\"potentialAction\":[{\"@type\":\"SearchAction\",\"target\":{\"@type\":\"EntryPoint\",\"urlTemplate\":\"https:\\\/\\\/campusbiotech.ch\\\/?s={search_term_string}\"},\"query-input\":{\"@type\":\"PropertyValueSpecification\",\"valueRequired\":true,\"valueName\":\"search_term_string\"}}],\"inLanguage\":\"fr-FR\"}]}<\/script>\n<!-- \/ Yoast SEO plugin. -->","yoast_head_json":{"title":"Life at Campus Biotech","description":"Campus Biotech favorise la collaboration entre disciplines, institutions, le monde acad\u00e9mique et les entreprises, au sein d\u2019une culture dynamique de talents et de potentiel.","robots":{"index":"index","follow":"follow","max-snippet":"max-snippet:-1","max-image-preview":"max-image-preview:large","max-video-preview":"max-video-preview:-1"},"canonical":"https:\/\/campusbiotech.ch\/fr\/life-at-campus\/","og_locale":"fr_FR","og_type":"article","og_title":"Life at Campus Biotech","og_description":"Campus Biotech favorise la collaboration entre disciplines, institutions, le monde acad\u00e9mique et les entreprises, au sein d\u2019une culture dynamique de talents et de potentiel.","og_url":"https:\/\/campusbiotech.ch\/fr\/life-at-campus\/","og_site_name":"Campus Biotech","article_modified_time":"2026-01-15T14:42:09+00:00","twitter_card":"summary_large_image","schema":{"@context":"https:\/\/schema.org","@graph":[{"@type":"WebPage","@id":"https:\/\/campusbiotech.ch\/fr\/life-at-campus\/","url":"https:\/\/campusbiotech.ch\/fr\/life-at-campus\/","name":"Life at Campus Biotech","isPartOf":{"@id":"https:\/\/campusbiotech.ch\/#website"},"datePublished":"2024-10-21T22:18:09+00:00","dateModified":"2026-01-15T14:42:09+00:00","description":"Campus Biotech favorise la collaboration entre disciplines, institutions, le monde acad\u00e9mique et les entreprises, au sein d\u2019une culture dynamique de talents et de potentiel.","breadcrumb":{"@id":"https:\/\/campusbiotech.ch\/fr\/life-at-campus\/#breadcrumb"},"inLanguage":"fr-FR","potentialAction":[{"@type":"ReadAction","target":["https:\/\/campusbiotech.ch\/fr\/life-at-campus\/"]}]},{"@type":"BreadcrumbList","@id":"https:\/\/campusbiotech.ch\/fr\/life-at-campus\/#breadcrumb","itemListElement":[{"@type":"ListItem","position":1,"name":"Home","item":"https:\/\/campusbiotech.ch\/fr\/"},{"@type":"ListItem","position":2,"name":"Life @ Campus"}]},{"@type":"WebSite","@id":"https:\/\/campusbiotech.ch\/#website","url":"https:\/\/campusbiotech.ch\/","name":"Campus Biotech","description":"Where Science meets Life","potentialAction":[{"@type":"SearchAction","target":{"@type":"EntryPoint","urlTemplate":"https:\/\/campusbiotech.ch\/?s={search_term_string}"},"query-input":{"@type":"PropertyValueSpecification","valueRequired":true,"valueName":"search_term_string"}}],"inLanguage":"fr-FR"}]}},"_links":{"self":[{"href":"https:\/\/campusbiotech.ch\/fr\/wp-json\/wp\/v2\/pages\/3631","targetHints":{"allow":["GET"]}}],"collection":[{"href":"https:\/\/campusbiotech.ch\/fr\/wp-json\/wp\/v2\/pages"}],"about":[{"href":"https:\/\/campusbiotech.ch\/fr\/wp-json\/wp\/v2\/types\/page"}],"author":[{"embeddable":true,"href":"https:\/\/campusbiotech.ch\/fr\/wp-json\/wp\/v2\/users\/2"}],"replies":[{"embeddable":true,"href":"https:\/\/campusbiotech.ch\/fr\/wp-json\/wp\/v2\/comments?post=3631"}],"version-history":[{"count":0,"href":"https:\/\/campusbiotech.ch\/fr\/wp-json\/wp\/v2\/pages\/3631\/revisions"}],"wp:attachment":[{"href":"https:\/\/campusbiotech.ch\/fr\/wp-json\/wp\/v2\/media?parent=3631"}],"curies":[{"name":"wp","href":"https:\/\/api.w.org\/{rel}","templated":true}]}}