{"id":3665,"date":"2024-10-21T22:18:49","date_gmt":"2024-10-21T22:18:49","guid":{"rendered":"https:\/\/campusbiostg.wpenginepowered.com\/space-to-let\/"},"modified":"2026-03-05T14:50:13","modified_gmt":"2026-03-05T14:50:13","slug":"espaces-a-louer","status":"publish","type":"page","link":"https:\/\/campusbiotech.ch\/fr\/espaces-a-louer\/","title":{"rendered":"Espaces \u00e0 louer"},"content":{"rendered":"","protected":false},"excerpt":{"rendered":"","protected":false},"author":2,"featured_media":0,"parent":0,"menu_order":5,"comment_status":"closed","ping_status":"closed","template":"pages\/template-flexible.php","meta":{"_acf_changed":false,"inline_featured_image":false,"footnotes":""},"class_list":["post-3665","page","type-page","status-publish","hentry"],"acf":{"page_content":[{"acf_fc_layout":"hero_section","min_height":80,"image_or_video":false,"hero_image":2939,"bg_vimeo_id":"","bg_video_poster":null,"add_title_text":false,"top_left_title":"","bottom_right_title":"","show_decor_arrow":false,"popup_vimeo_id":"","play_button_image":""},{"acf_fc_layout":"intro_section","add_border_bottom":false,"add_decor_arrow":false,"intro_text":"Des espaces et \u00e9quipements au service de la recherche de pointe."},{"acf_fc_layout":"background_video_and_right_boxed_text","id":"","image":2941,"vimeo_video_id":"","heading":"Le p\u00f4le des sciences de la vie au c\u0153ur de la Health Valley","lead_text":"Campus Biotech est un centre d\u2019excellence de premier plan, r\u00e9unissant tout ce qu\u2019il faut pour favoriser la collaboration, acc\u00e9l\u00e9rer le progr\u00e8s scientifique et transformer les avanc\u00e9es majeures en b\u00e9n\u00e9fices concrets pour la soci\u00e9t\u00e9. Les infrastructures du campus jouent un r\u00f4le central dans cette dynamique, en accueillant des technologies de pointe et des experts de r\u00e9f\u00e9rence dans leurs domaines.","text":"","buttons":null,"buttons_layout":"one","position":false},{"acf_fc_layout":"featured_buildings","background_image":2666,"heading":"B\u00e2timents d'exception","cards":[{"image":2927,"title":"B2","text":"Des bureaux spacieux au sein d\u2019un b\u00e2timent embl\u00e9matique.","link":{"title":"En savoir plus","url":"https:\/\/campusbiotech.ch\/fr\/building\/b2\/","target":""}},{"image":2931,"title":"B4","text":"Laboratoires de pointe dans un b\u00e2timent de r\u00e9f\u00e9rence tourn\u00e9 vers l\u2019avenir.","link":{"title":"En savoir plus","url":"https:\/\/campusbiotech.ch\/fr\/building\/b4\/","target":""}},{"image":2412,"title":"M15","text":"Espace modulable aux multiples possibilit\u00e9s.","link":{"title":"En savoir plus","url":"https:\/\/campusbiotech.ch\/fr\/building\/M15\/","target":""}},{"image":4505,"title":"CBIP","text":"Un \u00e9cosyst\u00e8me d\u2019innovation d\u00e9di\u00e9 aux sciences de la vie. ","link":{"title":"En savoir plus","url":"https:\/\/campusbiotech.ch\/fr\/building\/cbip","target":""}}]},{"acf_fc_layout":"all_buildings","id":"","heading":"Le Campus"},{"acf_fc_layout":"all_spaces","id":"all-spaces","heading":"Disponibilit\u00e9s","hide_use_filters":false,"hidden_use_terms":[117],"hide_building_filters":false,"hidden_building_terms":[],"hide_surface_filters":true},{"acf_fc_layout":"framed_content","background_image":"","heading":"Installations","text":"","boxes":[{"cell_type":"default","image":"","icon":1977,"icon_full-width":false,"title":"Parking","text":"Plus de 400 places disponibles sur site, dont des emplacements avec bornes de recharge pour v\u00e9hicules \u00e9lectriques."},{"cell_type":"default","image":"","icon":1973,"icon_full-width":false,"title":"Acc\u00e8s v\u00e9lo","text":"Pistes cyclables depuis le centre-ville et plus de 75 emplacements s\u00e9curis\u00e9s pour v\u00e9los sur le site."},{"cell_type":"default","image":"","icon":1983,"icon_full-width":false,"title":"Accueil","text":"L\u2019accueil du Campus Biotech propose un service de r\u00e9ception chaleureux et professionnel."},{"cell_type":"default","image":834,"icon":"","icon_full-width":false,"title":"","text":""},{"cell_type":"default","image":1680,"icon":"","icon_full-width":false,"title":"","text":""},{"cell_type":"default","image":"","icon":2026,"icon_full-width":false,"title":"QUAI DE D\u00c9CHARGEMENT","text":"Pour la livraison de marchandises"},{"cell_type":"default","image":"","icon":1979,"icon_full-width":false,"title":"Salle de sport","text":"La salle de sport du Campus offre un espace bien \u00e9quip\u00e9, accessible \u00e0 l\u2019ensemble de la communaut\u00e9 Campus Biotech."},{"cell_type":"default","image":"","icon":1975,"icon_full-width":false,"title":"Restauration","text":"Campus Biotech propose plusieurs options de restauration : un restaurant avec service complet, une caf\u00e9t\u00e9ria pour les repas sur le pouce, ainsi qu\u2019un service traiteur pour les \u00e9v\u00e9nements et r\u00e9unions."},{"cell_type":"default","image":"","icon":1685,"icon_full-width":false,"title":"S\u00e9curit\u00e9","text":"Une \u00e9quipe d\u00e9di\u00e9e assure la surveillance 24h\/24 et le contr\u00f4le des acc\u00e8s, garantissant un environnement s\u00fbr pour tous les visiteurs et collaborateurs."},{"cell_type":"default","image":2959,"icon":"","icon_full-width":false,"title":"","text":""},{"cell_type":"default","image":2961,"icon":"","icon_full-width":false,"title":"","text":""},{"cell_type":"default","image":"","icon":2024,"icon_full-width":false,"title":"\u00c9nergie aliment\u00e9e par le lac","text":"L\u2019ensemble du chauffage et de la climatisation est fourni gr\u00e2ce aux eaux du lac L\u00e9man."}]},{"acf_fc_layout":"gallery","heading":"Gallery","gallery":[2018,2010,2012,2014,2016]},{"acf_fc_layout":"one_column_boxed_content","text":"<h2>Contactez-nous<\/h2>\r\n<h3>Pour plus d\u2019informations ou pour toute demande concernant les opportunit\u00e9s de location au Campus Biotech, merci de contacter notre \u00e9quipe.<\/h3>","corner_decor_image":2634,"background_image":2632,"button":{"title":"Contactez-nous d\u00e8s maintenant","url":"https:\/\/campusbiotech.ch\/fr\/contact\/","target":""}}]},"yoast_head":"<!-- This site is optimized with the Yoast SEO plugin v26.8 - https:\/\/yoast.com\/product\/yoast-seo-wordpress\/ -->\n<title>Office and labs to let at the Campus Biotech<\/title>\n<meta name=\"description\" content=\"60 000 m\u00b2 de surface totale, dont 26 000 m\u00b2 de laboratoires de recherche, offrant des espaces et des infrastructures propices \u00e0 des travaux pionniers.\" \/>\n<meta name=\"robots\" content=\"index, follow, max-snippet:-1, max-image-preview:large, max-video-preview:-1\" \/>\n<link rel=\"canonical\" href=\"https:\/\/campusbiotech.ch\/fr\/espaces-a-louer\/\" \/>\n<meta property=\"og:locale\" content=\"fr_FR\" \/>\n<meta property=\"og:type\" content=\"article\" \/>\n<meta property=\"og:title\" content=\"Office and labs to let at the Campus Biotech\" \/>\n<meta property=\"og:description\" content=\"60 000 m\u00b2 de surface totale, dont 26 000 m\u00b2 de laboratoires de recherche, offrant des espaces et des infrastructures propices \u00e0 des travaux pionniers.\" \/>\n<meta property=\"og:url\" content=\"https:\/\/campusbiotech.ch\/fr\/espaces-a-louer\/\" \/>\n<meta property=\"og:site_name\" content=\"Campus Biotech\" \/>\n<meta property=\"article:modified_time\" content=\"2026-03-05T14:50:13+00:00\" \/>\n<meta name=\"twitter:card\" content=\"summary_large_image\" \/>\n<script type=\"application\/ld+json\" class=\"yoast-schema-graph\">{\"@context\":\"https:\/\/schema.org\",\"@graph\":[{\"@type\":\"WebPage\",\"@id\":\"https:\/\/campusbiotech.ch\/fr\/espaces-a-louer\/\",\"url\":\"https:\/\/campusbiotech.ch\/fr\/espaces-a-louer\/\",\"name\":\"Office and labs to let at the Campus Biotech\",\"isPartOf\":{\"@id\":\"https:\/\/campusbiotech.ch\/#website\"},\"datePublished\":\"2024-10-21T22:18:49+00:00\",\"dateModified\":\"2026-03-05T14:50:13+00:00\",\"description\":\"60 000 m\u00b2 de surface totale, dont 26 000 m\u00b2 de laboratoires de recherche, offrant des espaces et des infrastructures propices \u00e0 des travaux pionniers.\",\"breadcrumb\":{\"@id\":\"https:\/\/campusbiotech.ch\/fr\/espaces-a-louer\/#breadcrumb\"},\"inLanguage\":\"fr-FR\",\"potentialAction\":[{\"@type\":\"ReadAction\",\"target\":[\"https:\/\/campusbiotech.ch\/fr\/espaces-a-louer\/\"]}]},{\"@type\":\"BreadcrumbList\",\"@id\":\"https:\/\/campusbiotech.ch\/fr\/espaces-a-louer\/#breadcrumb\",\"itemListElement\":[{\"@type\":\"ListItem\",\"position\":1,\"name\":\"Home\",\"item\":\"https:\/\/campusbiotech.ch\/fr\/\"},{\"@type\":\"ListItem\",\"position\":2,\"name\":\"Espaces \u00e0 louer\"}]},{\"@type\":\"WebSite\",\"@id\":\"https:\/\/campusbiotech.ch\/#website\",\"url\":\"https:\/\/campusbiotech.ch\/\",\"name\":\"Campus Biotech\",\"description\":\"Where Science meets Life\",\"potentialAction\":[{\"@type\":\"SearchAction\",\"target\":{\"@type\":\"EntryPoint\",\"urlTemplate\":\"https:\/\/campusbiotech.ch\/?s={search_term_string}\"},\"query-input\":{\"@type\":\"PropertyValueSpecification\",\"valueRequired\":true,\"valueName\":\"search_term_string\"}}],\"inLanguage\":\"fr-FR\"}]}<\/script>\n<!-- \/ Yoast SEO plugin. -->","yoast_head_json":{"title":"Office and labs to let at the Campus Biotech","description":"60 000 m\u00b2 de surface totale, dont 26 000 m\u00b2 de laboratoires de recherche, offrant des espaces et des infrastructures propices \u00e0 des travaux pionniers.","robots":{"index":"index","follow":"follow","max-snippet":"max-snippet:-1","max-image-preview":"max-image-preview:large","max-video-preview":"max-video-preview:-1"},"canonical":"https:\/\/campusbiotech.ch\/fr\/espaces-a-louer\/","og_locale":"fr_FR","og_type":"article","og_title":"Office and labs to let at the Campus Biotech","og_description":"60 000 m\u00b2 de surface totale, dont 26 000 m\u00b2 de laboratoires de recherche, offrant des espaces et des infrastructures propices \u00e0 des travaux pionniers.","og_url":"https:\/\/campusbiotech.ch\/fr\/espaces-a-louer\/","og_site_name":"Campus Biotech","article_modified_time":"2026-03-05T14:50:13+00:00","twitter_card":"summary_large_image","schema":{"@context":"https:\/\/schema.org","@graph":[{"@type":"WebPage","@id":"https:\/\/campusbiotech.ch\/fr\/espaces-a-louer\/","url":"https:\/\/campusbiotech.ch\/fr\/espaces-a-louer\/","name":"Office and labs to let at the Campus Biotech","isPartOf":{"@id":"https:\/\/campusbiotech.ch\/#website"},"datePublished":"2024-10-21T22:18:49+00:00","dateModified":"2026-03-05T14:50:13+00:00","description":"60 000 m\u00b2 de surface totale, dont 26 000 m\u00b2 de laboratoires de recherche, offrant des espaces et des infrastructures propices \u00e0 des travaux pionniers.","breadcrumb":{"@id":"https:\/\/campusbiotech.ch\/fr\/espaces-a-louer\/#breadcrumb"},"inLanguage":"fr-FR","potentialAction":[{"@type":"ReadAction","target":["https:\/\/campusbiotech.ch\/fr\/espaces-a-louer\/"]}]},{"@type":"BreadcrumbList","@id":"https:\/\/campusbiotech.ch\/fr\/espaces-a-louer\/#breadcrumb","itemListElement":[{"@type":"ListItem","position":1,"name":"Home","item":"https:\/\/campusbiotech.ch\/fr\/"},{"@type":"ListItem","position":2,"name":"Espaces \u00e0 louer"}]},{"@type":"WebSite","@id":"https:\/\/campusbiotech.ch\/#website","url":"https:\/\/campusbiotech.ch\/","name":"Campus Biotech","description":"Where Science meets Life","potentialAction":[{"@type":"SearchAction","target":{"@type":"EntryPoint","urlTemplate":"https:\/\/campusbiotech.ch\/?s={search_term_string}"},"query-input":{"@type":"PropertyValueSpecification","valueRequired":true,"valueName":"search_term_string"}}],"inLanguage":"fr-FR"}]}},"_links":{"self":[{"href":"https:\/\/campusbiotech.ch\/fr\/wp-json\/wp\/v2\/pages\/3665","targetHints":{"allow":["GET"]}}],"collection":[{"href":"https:\/\/campusbiotech.ch\/fr\/wp-json\/wp\/v2\/pages"}],"about":[{"href":"https:\/\/campusbiotech.ch\/fr\/wp-json\/wp\/v2\/types\/page"}],"author":[{"embeddable":true,"href":"https:\/\/campusbiotech.ch\/fr\/wp-json\/wp\/v2\/users\/2"}],"replies":[{"embeddable":true,"href":"https:\/\/campusbiotech.ch\/fr\/wp-json\/wp\/v2\/comments?post=3665"}],"version-history":[{"count":0,"href":"https:\/\/campusbiotech.ch\/fr\/wp-json\/wp\/v2\/pages\/3665\/revisions"}],"wp:attachment":[{"href":"https:\/\/campusbiotech.ch\/fr\/wp-json\/wp\/v2\/media?parent=3665"}],"curies":[{"name":"wp","href":"https:\/\/api.w.org\/{rel}","templated":true}]}}