{"id":3871,"date":"2024-10-21T22:19:12","date_gmt":"2024-10-21T22:19:12","guid":{"rendered":"https:\/\/campusbiostg.wpenginepowered.com\/about\/"},"modified":"2026-01-15T14:44:17","modified_gmt":"2026-01-15T14:44:17","slug":"a-propos","status":"publish","type":"page","link":"https:\/\/campusbiotech.ch\/fr\/a-propos\/","title":{"rendered":"\u00c0 propos"},"content":{"rendered":"","protected":false},"excerpt":{"rendered":"","protected":false},"author":2,"featured_media":0,"parent":0,"menu_order":6,"comment_status":"closed","ping_status":"closed","template":"pages\/template-flexible.php","meta":{"_acf_changed":false,"inline_featured_image":false,"footnotes":""},"class_list":["post-3871","page","type-page","status-publish","hentry"],"acf":{"page_content":[{"acf_fc_layout":"hero_section","min_height":80,"image_or_video":false,"hero_image":1841,"bg_vimeo_id":"","bg_video_poster":null,"add_title_text":false,"top_left_title":"","bottom_right_title":"","show_decor_arrow":false,"popup_vimeo_id":"","play_button_image":""},{"acf_fc_layout":"one_line_text_and_image","line":[{"content":[{"content_type":"text","text":"Une communaut\u00e9 o\u00f9","image":null,"video":null,"preview_image":null},{"content_type":"image","text":"human collaboration","image":2785,"video":null,"preview_image":null},{"content_type":"image","text":"","image":828,"video":null,"preview_image":null}]},{"content":[{"content_type":"image","text":"sparks scientific<\/br>innovation.","image":1858,"video":null,"preview_image":null},{"content_type":"text","text":"l\u2019innovation na\u00eet ","image":null,"video":null,"preview_image":null}]},{"content":[{"content_type":"text","text":"de la<\/br>collaboration","image":null,"video":null,"preview_image":null},{"content_type":"video","text":"","image":null,"video":2298,"preview_image":1882}]}]},{"acf_fc_layout":"background_video_and_right_boxed_text","id":"","image":1878,"vimeo_video_id":"","heading":"Vision","lead_text":"Campus Biotech est le lieu d\u2019interaction entre la science et la vie, au c\u0153ur de la Health Valley. Cet \u00e9cosyst\u00e8me favorise les connexions entre les personnes, leurs id\u00e9es, les institutions et les entreprises.\r\n\r\nIl permet de faire \u00e9merger des d\u00e9couvertes qui font progresser la vie et de les traduire plus rapidement en solutions concr\u00e8tes.","text":"","buttons":null,"buttons_layout":"one","position":false},{"acf_fc_layout":"simple_text","text":"<h2><span style=\"color: #ff5601;\">Histoire<\/span><\/h2>\r\n<span style=\"font-size: 20px;\">Le b\u00e2timent qui accueille aujourd\u2019hui Campus Biotech trouve ses origines au sein des constructions en briques rouges de l\u2019entreprise d\u2019ing\u00e9nierie S\u00e9cheron, joyau historique de l\u2019industrie suisse au XIXe si\u00e8cle. En 2003, le site est rachet\u00e9 par la soci\u00e9t\u00e9 de biotechnologie Serono, dans le but d\u2019y installer son si\u00e8ge mondial.<\/span>\r\n\r\n<span style=\"font-size: 20px;\">Le nouveau complexe est inaugur\u00e9 en 2006, au moment m\u00eame o\u00f9 Serono est acquis par Merck KGaA. Merck Serono et plus d\u2019un millier de ses collaborateurs occupent les lieux pendant six ans, jusqu\u2019\u00e0 la d\u00e9cision, en 2012, de fermer le si\u00e8ge genevois et de mettre le site en vente.<\/span>\r\n\r\n<span style=\"font-size: 20px;\">Port\u00e9 par la volont\u00e9 de pr\u00e9server cet emplacement, ses b\u00e2timents et ses infrastructures au service de la recherche scientifique et au b\u00e9n\u00e9fice de la r\u00e9gion l\u00e9manique, un consortium regroupant l\u2019<a href=\"https:\/\/www.epfl.ch\/\" target=\"_blank\" rel=\"noopener\">\u00c9cole polytechnique f\u00e9d\u00e9rale de Lausanne (EPFL)<\/a>, l\u2019<a href=\"https:\/\/www.unige.ch\/\" target=\"_blank\" rel=\"noopener\">Universit\u00e9 de Gen\u00e8ve (UNIGE)<\/a>, <a href=\"https:\/\/www.fondation-bertarelli.org\/\" target=\"_blank\" rel=\"noopener\">la famille Bertarelli<\/a> et Hansj\u00f6rg Wyss se constitue pour acqu\u00e9rir le site. En 2013, le consortium remporte l\u2019appel d\u2019offres et, deux ans plus tard, Campus Biotech est officiellement inaugur\u00e9.<\/span>","bottom_margin":"small"},{"acf_fc_layout":"simple_text","text":"<h2><span style=\"color: #ff5601;\">FCBG<\/span><\/h2>\r\n<span style=\"font-size: 20px;\"><a href=\"https:\/\/fcbg.ch\/en\/\" target=\"_blank\" rel=\"noopener\">La Fondation Campus Biotech Geneva (FCBG)<\/a> est un p\u00f4le de r\u00e9f\u00e9rence en recherche en neurosciences et neurotechnologies. Elle g\u00e8re des infrastructures et services de pointe sur 26\u2019000 m\u00b2, accueillant plus de 500 utilisateurs actifs et plus de 60 groupes de recherche (EPFL, UNIGE, HUG, HEPIA).<\/span>","bottom_margin":"big"},{"acf_fc_layout":"background_video_and_right_boxed_text","id":"","image":1870,"vimeo_video_id":"","heading":"Durabilit\u00e9","lead_text":"<span style=\"font-size: 20px;\">Au Campus Biotech, la durabilit\u00e9 et la performance environnementale sont au c\u0153ur de la conception comme du fonctionnement du site. Gr\u00e2ce \u00e0 l\u2019\u00e9nergie naturelle du lac L\u00e9man, le campus assure un chauffage et un refroidissement 100\u202f% renouvelables. Un syst\u00e8me de surveillance avanc\u00e9 garantit par ailleurs une efficacit\u00e9 optimale du centre de donn\u00e9es.<\/span>","text":"","buttons":[{"button":{"title":"En savoir plus","url":"https:\/\/campusbiotech.ch\/fr\/a-propos\/durabilite\/","target":""}}],"buttons_layout":"one","position":false},{"acf_fc_layout":"simple_text","text":"<h2>Comment nous trouver<\/h2>\r\n<span style=\"font-size: 20px;\">9 Chemin des Mines<\/span>\r\n<span style=\"font-size: 20px;\">1202 Gen\u00e8ve<\/span>","bottom_margin":"small"},{"acf_fc_layout":"tabs","tabs":[{"title":"","image":2740,"show_caption":false,"image_link":""}]},{"acf_fc_layout":"one_column_boxed_content","text":"<h2><span data-sheets-root=\"1\">Une question ? Vous souhaitez visiter les lieux ?<\/span><\/h2>","corner_decor_image":3326,"background_image":2632,"button":{"title":"Contactez-nous d\u00e8s maintenant","url":"https:\/\/campusbiotech.ch\/fr\/contact\/","target":""}}]},"yoast_head":"<!-- This site is optimized with the Yoast SEO plugin v26.8 - https:\/\/yoast.com\/product\/yoast-seo-wordpress\/ -->\n<title>\u00c0 propos - Campus Biotech<\/title>\n<meta name=\"description\" content=\"Campus Biotech est un lieu d\u2019\u00e9changes entre la science et la vie, au c\u0153ur de la Health Valley.\" \/>\n<meta name=\"robots\" content=\"index, follow, max-snippet:-1, max-image-preview:large, max-video-preview:-1\" \/>\n<link rel=\"canonical\" href=\"https:\/\/campusbiotech.ch\/fr\/a-propos\/\" \/>\n<meta property=\"og:locale\" content=\"fr_FR\" \/>\n<meta property=\"og:type\" content=\"article\" \/>\n<meta property=\"og:title\" content=\"\u00c0 propos - Campus Biotech\" \/>\n<meta property=\"og:description\" content=\"Campus Biotech est un lieu d\u2019\u00e9changes entre la science et la vie, au c\u0153ur de la Health Valley.\" \/>\n<meta property=\"og:url\" content=\"https:\/\/campusbiotech.ch\/fr\/a-propos\/\" \/>\n<meta property=\"og:site_name\" content=\"Campus Biotech\" \/>\n<meta property=\"article:modified_time\" content=\"2026-01-15T14:44:17+00:00\" \/>\n<meta name=\"twitter:card\" content=\"summary_large_image\" \/>\n<script type=\"application\/ld+json\" class=\"yoast-schema-graph\">{\"@context\":\"https:\/\/schema.org\",\"@graph\":[{\"@type\":\"WebPage\",\"@id\":\"https:\/\/campusbiotech.ch\/fr\/a-propos\/\",\"url\":\"https:\/\/campusbiotech.ch\/fr\/a-propos\/\",\"name\":\"\u00c0 propos - Campus Biotech\",\"isPartOf\":{\"@id\":\"https:\/\/campusbiotech.ch\/#website\"},\"datePublished\":\"2024-10-21T22:19:12+00:00\",\"dateModified\":\"2026-01-15T14:44:17+00:00\",\"description\":\"Campus Biotech est un lieu d\u2019\u00e9changes entre la science et la vie, au c\u0153ur de la Health Valley.\",\"breadcrumb\":{\"@id\":\"https:\/\/campusbiotech.ch\/fr\/a-propos\/#breadcrumb\"},\"inLanguage\":\"fr-FR\",\"potentialAction\":[{\"@type\":\"ReadAction\",\"target\":[\"https:\/\/campusbiotech.ch\/fr\/a-propos\/\"]}]},{\"@type\":\"BreadcrumbList\",\"@id\":\"https:\/\/campusbiotech.ch\/fr\/a-propos\/#breadcrumb\",\"itemListElement\":[{\"@type\":\"ListItem\",\"position\":1,\"name\":\"Home\",\"item\":\"https:\/\/campusbiotech.ch\/fr\/\"},{\"@type\":\"ListItem\",\"position\":2,\"name\":\"\u00c0 propos\"}]},{\"@type\":\"WebSite\",\"@id\":\"https:\/\/campusbiotech.ch\/#website\",\"url\":\"https:\/\/campusbiotech.ch\/\",\"name\":\"Campus Biotech\",\"description\":\"Where Science meets Life\",\"potentialAction\":[{\"@type\":\"SearchAction\",\"target\":{\"@type\":\"EntryPoint\",\"urlTemplate\":\"https:\/\/campusbiotech.ch\/?s={search_term_string}\"},\"query-input\":{\"@type\":\"PropertyValueSpecification\",\"valueRequired\":true,\"valueName\":\"search_term_string\"}}],\"inLanguage\":\"fr-FR\"}]}<\/script>\n<!-- \/ Yoast SEO plugin. -->","yoast_head_json":{"title":"\u00c0 propos - Campus Biotech","description":"Campus Biotech est un lieu d\u2019\u00e9changes entre la science et la vie, au c\u0153ur de la Health Valley.","robots":{"index":"index","follow":"follow","max-snippet":"max-snippet:-1","max-image-preview":"max-image-preview:large","max-video-preview":"max-video-preview:-1"},"canonical":"https:\/\/campusbiotech.ch\/fr\/a-propos\/","og_locale":"fr_FR","og_type":"article","og_title":"\u00c0 propos - Campus Biotech","og_description":"Campus Biotech est un lieu d\u2019\u00e9changes entre la science et la vie, au c\u0153ur de la Health Valley.","og_url":"https:\/\/campusbiotech.ch\/fr\/a-propos\/","og_site_name":"Campus Biotech","article_modified_time":"2026-01-15T14:44:17+00:00","twitter_card":"summary_large_image","schema":{"@context":"https:\/\/schema.org","@graph":[{"@type":"WebPage","@id":"https:\/\/campusbiotech.ch\/fr\/a-propos\/","url":"https:\/\/campusbiotech.ch\/fr\/a-propos\/","name":"\u00c0 propos - Campus Biotech","isPartOf":{"@id":"https:\/\/campusbiotech.ch\/#website"},"datePublished":"2024-10-21T22:19:12+00:00","dateModified":"2026-01-15T14:44:17+00:00","description":"Campus Biotech est un lieu d\u2019\u00e9changes entre la science et la vie, au c\u0153ur de la Health Valley.","breadcrumb":{"@id":"https:\/\/campusbiotech.ch\/fr\/a-propos\/#breadcrumb"},"inLanguage":"fr-FR","potentialAction":[{"@type":"ReadAction","target":["https:\/\/campusbiotech.ch\/fr\/a-propos\/"]}]},{"@type":"BreadcrumbList","@id":"https:\/\/campusbiotech.ch\/fr\/a-propos\/#breadcrumb","itemListElement":[{"@type":"ListItem","position":1,"name":"Home","item":"https:\/\/campusbiotech.ch\/fr\/"},{"@type":"ListItem","position":2,"name":"\u00c0 propos"}]},{"@type":"WebSite","@id":"https:\/\/campusbiotech.ch\/#website","url":"https:\/\/campusbiotech.ch\/","name":"Campus Biotech","description":"Where Science meets Life","potentialAction":[{"@type":"SearchAction","target":{"@type":"EntryPoint","urlTemplate":"https:\/\/campusbiotech.ch\/?s={search_term_string}"},"query-input":{"@type":"PropertyValueSpecification","valueRequired":true,"valueName":"search_term_string"}}],"inLanguage":"fr-FR"}]}},"_links":{"self":[{"href":"https:\/\/campusbiotech.ch\/fr\/wp-json\/wp\/v2\/pages\/3871","targetHints":{"allow":["GET"]}}],"collection":[{"href":"https:\/\/campusbiotech.ch\/fr\/wp-json\/wp\/v2\/pages"}],"about":[{"href":"https:\/\/campusbiotech.ch\/fr\/wp-json\/wp\/v2\/types\/page"}],"author":[{"embeddable":true,"href":"https:\/\/campusbiotech.ch\/fr\/wp-json\/wp\/v2\/users\/2"}],"replies":[{"embeddable":true,"href":"https:\/\/campusbiotech.ch\/fr\/wp-json\/wp\/v2\/comments?post=3871"}],"version-history":[{"count":0,"href":"https:\/\/campusbiotech.ch\/fr\/wp-json\/wp\/v2\/pages\/3871\/revisions"}],"wp:attachment":[{"href":"https:\/\/campusbiotech.ch\/fr\/wp-json\/wp\/v2\/media?parent=3871"}],"curies":[{"name":"wp","href":"https:\/\/api.w.org\/{rel}","templated":true}]}}