{"id":3874,"date":"2025-01-09T09:36:37","date_gmt":"2025-01-09T09:36:37","guid":{"rendered":"https:\/\/campusbiostg.wpenginepowered.com\/a-propos\/sustainability\/"},"modified":"2026-01-15T14:45:04","modified_gmt":"2026-01-15T14:45:04","slug":"durabilite","status":"publish","type":"page","link":"https:\/\/campusbiotech.ch\/fr\/a-propos\/durabilite\/","title":{"rendered":"Durabilit\u00e9"},"content":{"rendered":"","protected":false},"excerpt":{"rendered":"","protected":false},"author":2,"featured_media":0,"parent":3871,"menu_order":0,"comment_status":"closed","ping_status":"closed","template":"pages\/template-flexible.php","meta":{"_acf_changed":false,"inline_featured_image":false,"footnotes":""},"class_list":["post-3874","page","type-page","status-publish","hentry"],"acf":{"page_content":[{"acf_fc_layout":"hero_section","min_height":80,"image_or_video":false,"hero_image":2253,"bg_vimeo_id":"","bg_video_poster":null,"add_title_text":false,"top_left_title":"","bottom_right_title":"","show_decor_arrow":false,"popup_vimeo_id":"","play_button_image":""},{"acf_fc_layout":"intro_section","add_border_bottom":false,"add_decor_arrow":false,"intro_text":"Pour un campus plus durable et plus intelligent."},{"acf_fc_layout":"background_video_and_right_boxed_text","id":"","image":"","vimeo_video_id":"1048574012","heading":"Pionnier en mati\u00e8re de durabilit\u00e9","lead_text":"Campus Biotech reste \u00e0 la pointe de l\u2019efficacit\u00e9 \u00e9nerg\u00e9tique et de la durabilit\u00e9 gr\u00e2ce \u00e0 des investissements continus. Depuis sa transformation en 2013, de nombreuses initiatives ont permis d\u2019optimiser la consommation d\u2019\u00e9nergie, de r\u00e9duire la d\u00e9pendance aux \u00e9nergies fossiles et d\u2019int\u00e9grer des technologies durables de derni\u00e8re g\u00e9n\u00e9ration.","text":"","buttons":null,"buttons_layout":"one","position":false},{"acf_fc_layout":"two_columns_articles","articles":[{"reverse_columns":false,"text_content":"<h2><span style=\"color: #ff5601;\">Optimisation du free cooling<\/span><\/h2>\r\n<span style=\"font-size: 20px;\">Campus Biotech maximise son efficacit\u00e9 \u00e9nerg\u00e9tique en combinant des solutions de free cooling naturelles et m\u00e9caniques.<\/span>\r\n<ul>\r\n \t<li><span style=\"font-size: 20px;\">Le free cooling naturel est assur\u00e9 par un atrium vitr\u00e9 de 1\u2019000 m\u00b2, qui s\u2019ouvre pour favoriser la circulation de l\u2019air frais.<\/span><\/li>\r\n \t<li><span style=\"font-size: 20px;\">Le free cooling m\u00e9canique repose sur des syst\u00e8mes de ventilation avanc\u00e9s, r\u00e9duisant les besoins en refroidissement et la consommation d\u2019\u00e9nergie.<\/span><\/li>\r\n \t<li><span style=\"font-size: 20px;\">Un syst\u00e8me de gestion technique du b\u00e2timent (GTB) performant permet une r\u00e9gulation environnementale pr\u00e9cise. Gr\u00e2ce \u00e0 un suivi en temps r\u00e9el, la temp\u00e9rature et la ventilation s\u2019ajustent en fonction de l\u2019occupation, limitant ainsi toute consommation superflue.<\/span><\/li>\r\n<\/ul>","image":3260},{"reverse_columns":true,"text_content":"<h2><span style=\"color: #ff5601;\">GENILAC : chauffage et refroidissement durables<\/span><\/h2>\r\n<span style=\"font-size: 20px;\">Genilac utilise l\u2019eau du lac pour fournir un syst\u00e8me de chauffage et de refroidissement renouvelable et performant \u00e0 Gen\u00e8ve.<\/span>\r\n<ul>\r\n \t<li><span style=\"font-size: 20px;\">La vente de la station de pompage de Barton aux SIG a permis le lancement de Genilac, qui alimente aujourd\u2019hui plus de 350 b\u00e2timents.<\/span><\/li>\r\n \t<li><span style=\"font-size: 20px;\">Le syst\u00e8me exploite la fra\u00eecheur naturelle du lac pour le refroidissement, avec une consommation d\u2019\u00e9nergie minimale.<\/span><\/li>\r\n \t<li><span style=\"font-size: 20px;\">Il n\u2019a aucun impact sur le volume d\u2019eau du lac, garantissant une approche respectueuse de l\u2019environnement.<\/span><\/li>\r\n \t<li><span style=\"font-size: 20px;\">D\u2019ici 2045, Genilac vise une r\u00e9duction significative de la consommation d\u2019\u00e9nergie et des \u00e9missions de CO\u2082 \u00e0 l\u2019\u00e9chelle de Gen\u00e8ve.<\/span><\/li>\r\n<\/ul>","image":3179}]},{"acf_fc_layout":"framed_content","background_image":3137,"heading":"","text":"","boxes":[{"cell_type":"default","image":"","icon":3134,"icon_full-width":true,"title":"","text":"<p style=\"text-align: center;\"><span style=\"font-size: 20px; color: #fff;\">Unit\u00e9s d\u2019alimentation sans interruption assurent une autonomie partielle en cas de coupure de courant<\/span><\/p>"},{"cell_type":"default","image":"","icon":1788,"icon_full-width":true,"title":"","text":"<p style=\"text-align: center;\"><span style=\"font-size: 20px; color: #ffffff;\">R\u00e9duction de la consommation d\u2019\u00e9lectricit\u00e9 pour le syst\u00e8me de refroidissement du Campus<\/span><\/p>"},{"cell_type":"default","image":"","icon":1786,"icon_full-width":true,"title":"","text":"<p style=\"text-align: center;\"><span style=\"color: #ffffff; font-size: 20px;\">de consommation \u00e9nerg\u00e9tique en moins pour le syst\u00e8me de chauffage<\/span><\/p>"},{"cell_type":"default","image":2001,"icon":"","icon_full-width":false,"title":"","text":""},{"cell_type":"default","image":"","icon":1784,"icon_full-width":true,"title":"","text":"<p style=\"text-align: center;\"><span style=\"font-size: 20px; color: #ffffff;\">Le site de 41 000 m\u00b2 est raccord\u00e9 au r\u00e9seau GeniLac pour une dur\u00e9e de 10 ans<\/span><\/p>"},{"cell_type":"default","image":"","icon":1782,"icon_full-width":true,"title":"","text":"<p style=\"text-align: center;\"><span style=\"color: #ffffff; font-size: 20px;\">Certifi\u00e9 Minergie-P<\/span><\/p>"},{"cell_type":"default","image":"","icon":1788,"icon_full-width":true,"title":"","text":"<p style=\"text-align: center;\"><span style=\"color: #ffffff; font-size: 20px;\">En ligne avec les objectifs de la Conf\u00e9d\u00e9ration (Strat\u00e9gie \u00e9nerg\u00e9tique 2050)<\/span><\/p>"},{"cell_type":"default","image":"","icon":1792,"icon_full-width":true,"title":"","text":"<p style=\"text-align: center;\"><span style=\"font-size: 20px; color: #ffffff;\">Conforme au standard THPE 2000\u202fW<\/span><\/p>"}]},{"acf_fc_layout":"two_columns_articles","articles":[{"reverse_columns":true,"text_content":"<h2><span style=\"color: #ff5601;\">Projets futurs en mati\u00e8re de durabilit\u00e9 \u00e9nerg\u00e9tique<\/span><\/h2>\r\n<span style=\"font-size: 20px;\">Campus Biotech renforce son engagement en faveur de la durabilit\u00e9 avec la construction du b\u00e2timent B4, un centre de recherche de pointe con\u00e7u pour minimiser son impact environnemental.<\/span>\r\n<ul>\r\n \t<li><span style=\"font-size: 20px;\">Un centre de recherche interdisciplinaire de 12\u2019000 m\u00b2, construit selon les standards de durabilit\u00e9 les plus \u00e9lev\u00e9s<\/span>\r\n<span style=\"font-size: 20px;\">Certifi\u00e9 BREEAM Outstanding, le niveau le plus exigeant de cette r\u00e9f\u00e9rence internationale<\/span><\/li>\r\n \t<li><span style=\"font-size: 20px;\">Int\u00e8gre des crit\u00e8res environnementaux stricts : efficacit\u00e9 \u00e9nerg\u00e9tique, gestion responsable de l\u2019eau, qualit\u00e9 de l\u2019air int\u00e9rieur optimis\u00e9e et mat\u00e9riaux durables<\/span><\/li>\r\n \t<li><span style=\"font-size: 20px;\">Con\u00e7u pour favoriser le bien-\u00eatre des occupants tout en assurant une empreinte carbone minimale sur l\u2019ensemble de son cycle de vie<\/span><\/li>\r\n<\/ul>","image":3140}]},{"acf_fc_layout":"simple_text","text":"<h2><span style=\"color: #ff5601;\">Un tournant d\u00e9cisif vers les \u00e9nergies renouvelables<\/span><\/h2>\r\nCampus Biotech fonctionne d\u00e9sormais \u00e0 100\u202f% avec de l\u2019\u00e9nergie renouvelable. Les chaudi\u00e8res \u00e0 gaz ont \u00e9t\u00e9 remplac\u00e9es par des pompes \u00e0 chaleur aliment\u00e9es par le syst\u00e8me d\u2019eau du lac, supprimant ainsi tout recours aux \u00e9nergies fossiles pour le chauffage. L\u2019installation de panneaux solaires en toiture r\u00e9duira encore la d\u00e9pendance \u00e0 l\u2019\u00e9lectricit\u00e9 externe, renfor\u00e7ant l\u2019engagement du site en faveur de la durabilit\u00e9.","bottom_margin":"small"},{"acf_fc_layout":"tabs","tabs":[{"title":"","image":3114,"show_caption":false,"image_link":""}]},{"acf_fc_layout":"one_column_boxed_content","text":"<h2>Une question ? Vous souhaitez visiter les lieux ?<\/h2>","corner_decor_image":3326,"background_image":2632,"button":{"title":"Contactez-nous d\u00e8s maintenant","url":"\/contact","target":""}}]},"yoast_head":"<!-- This site is optimized with the Yoast SEO plugin v27.3 - https:\/\/yoast.com\/product\/yoast-seo-wordpress\/ -->\n<title>Durabilit\u00e9 - Campus Biotech<\/title>\n<meta name=\"description\" content=\"Campus Biotech demeure \u00e0 l\u2019avant-garde de l\u2019efficacit\u00e9 \u00e9nerg\u00e9tique et de la durabilit\u00e9 gr\u00e2ce \u00e0 des investissements continus.\" \/>\n<meta name=\"robots\" content=\"index, follow, max-snippet:-1, max-image-preview:large, max-video-preview:-1\" \/>\n<link rel=\"canonical\" href=\"https:\/\/campusbiotech.ch\/fr\/a-propos\/durabilite\/\" \/>\n<meta property=\"og:locale\" content=\"fr_FR\" \/>\n<meta property=\"og:type\" content=\"article\" \/>\n<meta property=\"og:title\" content=\"Durabilit\u00e9 - Campus Biotech\" \/>\n<meta property=\"og:description\" content=\"Campus Biotech demeure \u00e0 l\u2019avant-garde de l\u2019efficacit\u00e9 \u00e9nerg\u00e9tique et de la durabilit\u00e9 gr\u00e2ce \u00e0 des investissements continus.\" \/>\n<meta property=\"og:url\" content=\"https:\/\/campusbiotech.ch\/fr\/a-propos\/durabilite\/\" \/>\n<meta property=\"og:site_name\" content=\"Campus Biotech\" \/>\n<meta property=\"article:modified_time\" content=\"2026-01-15T14:45:04+00:00\" \/>\n<meta name=\"twitter:card\" content=\"summary_large_image\" \/>\n<script type=\"application\/ld+json\" class=\"yoast-schema-graph\">{\"@context\":\"https:\\\/\\\/schema.org\",\"@graph\":[{\"@type\":\"WebPage\",\"@id\":\"https:\\\/\\\/campusbiotech.ch\\\/fr\\\/a-propos\\\/durabilite\\\/\",\"url\":\"https:\\\/\\\/campusbiotech.ch\\\/fr\\\/a-propos\\\/durabilite\\\/\",\"name\":\"Durabilit\u00e9 - Campus Biotech\",\"isPartOf\":{\"@id\":\"https:\\\/\\\/campusbiotech.ch\\\/#website\"},\"datePublished\":\"2025-01-09T09:36:37+00:00\",\"dateModified\":\"2026-01-15T14:45:04+00:00\",\"description\":\"Campus Biotech demeure \u00e0 l\u2019avant-garde de l\u2019efficacit\u00e9 \u00e9nerg\u00e9tique et de la durabilit\u00e9 gr\u00e2ce \u00e0 des investissements continus.\",\"breadcrumb\":{\"@id\":\"https:\\\/\\\/campusbiotech.ch\\\/fr\\\/a-propos\\\/durabilite\\\/#breadcrumb\"},\"inLanguage\":\"fr-FR\",\"potentialAction\":[{\"@type\":\"ReadAction\",\"target\":[\"https:\\\/\\\/campusbiotech.ch\\\/fr\\\/a-propos\\\/durabilite\\\/\"]}]},{\"@type\":\"BreadcrumbList\",\"@id\":\"https:\\\/\\\/campusbiotech.ch\\\/fr\\\/a-propos\\\/durabilite\\\/#breadcrumb\",\"itemListElement\":[{\"@type\":\"ListItem\",\"position\":1,\"name\":\"Home\",\"item\":\"https:\\\/\\\/campusbiotech.ch\\\/fr\\\/\"},{\"@type\":\"ListItem\",\"position\":2,\"name\":\"\u00c0 propos\",\"item\":\"https:\\\/\\\/campusbiotech.ch\\\/fr\\\/a-propos\\\/\"},{\"@type\":\"ListItem\",\"position\":3,\"name\":\"Durabilit\u00e9\"}]},{\"@type\":\"WebSite\",\"@id\":\"https:\\\/\\\/campusbiotech.ch\\\/#website\",\"url\":\"https:\\\/\\\/campusbiotech.ch\\\/\",\"name\":\"Campus Biotech\",\"description\":\"Where Science meets Life\",\"potentialAction\":[{\"@type\":\"SearchAction\",\"target\":{\"@type\":\"EntryPoint\",\"urlTemplate\":\"https:\\\/\\\/campusbiotech.ch\\\/?s={search_term_string}\"},\"query-input\":{\"@type\":\"PropertyValueSpecification\",\"valueRequired\":true,\"valueName\":\"search_term_string\"}}],\"inLanguage\":\"fr-FR\"}]}<\/script>\n<!-- \/ Yoast SEO plugin. -->","yoast_head_json":{"title":"Durabilit\u00e9 - Campus Biotech","description":"Campus Biotech demeure \u00e0 l\u2019avant-garde de l\u2019efficacit\u00e9 \u00e9nerg\u00e9tique et de la durabilit\u00e9 gr\u00e2ce \u00e0 des investissements continus.","robots":{"index":"index","follow":"follow","max-snippet":"max-snippet:-1","max-image-preview":"max-image-preview:large","max-video-preview":"max-video-preview:-1"},"canonical":"https:\/\/campusbiotech.ch\/fr\/a-propos\/durabilite\/","og_locale":"fr_FR","og_type":"article","og_title":"Durabilit\u00e9 - Campus Biotech","og_description":"Campus Biotech demeure \u00e0 l\u2019avant-garde de l\u2019efficacit\u00e9 \u00e9nerg\u00e9tique et de la durabilit\u00e9 gr\u00e2ce \u00e0 des investissements continus.","og_url":"https:\/\/campusbiotech.ch\/fr\/a-propos\/durabilite\/","og_site_name":"Campus Biotech","article_modified_time":"2026-01-15T14:45:04+00:00","twitter_card":"summary_large_image","schema":{"@context":"https:\/\/schema.org","@graph":[{"@type":"WebPage","@id":"https:\/\/campusbiotech.ch\/fr\/a-propos\/durabilite\/","url":"https:\/\/campusbiotech.ch\/fr\/a-propos\/durabilite\/","name":"Durabilit\u00e9 - Campus Biotech","isPartOf":{"@id":"https:\/\/campusbiotech.ch\/#website"},"datePublished":"2025-01-09T09:36:37+00:00","dateModified":"2026-01-15T14:45:04+00:00","description":"Campus Biotech demeure \u00e0 l\u2019avant-garde de l\u2019efficacit\u00e9 \u00e9nerg\u00e9tique et de la durabilit\u00e9 gr\u00e2ce \u00e0 des investissements continus.","breadcrumb":{"@id":"https:\/\/campusbiotech.ch\/fr\/a-propos\/durabilite\/#breadcrumb"},"inLanguage":"fr-FR","potentialAction":[{"@type":"ReadAction","target":["https:\/\/campusbiotech.ch\/fr\/a-propos\/durabilite\/"]}]},{"@type":"BreadcrumbList","@id":"https:\/\/campusbiotech.ch\/fr\/a-propos\/durabilite\/#breadcrumb","itemListElement":[{"@type":"ListItem","position":1,"name":"Home","item":"https:\/\/campusbiotech.ch\/fr\/"},{"@type":"ListItem","position":2,"name":"\u00c0 propos","item":"https:\/\/campusbiotech.ch\/fr\/a-propos\/"},{"@type":"ListItem","position":3,"name":"Durabilit\u00e9"}]},{"@type":"WebSite","@id":"https:\/\/campusbiotech.ch\/#website","url":"https:\/\/campusbiotech.ch\/","name":"Campus Biotech","description":"Where Science meets Life","potentialAction":[{"@type":"SearchAction","target":{"@type":"EntryPoint","urlTemplate":"https:\/\/campusbiotech.ch\/?s={search_term_string}"},"query-input":{"@type":"PropertyValueSpecification","valueRequired":true,"valueName":"search_term_string"}}],"inLanguage":"fr-FR"}]}},"_links":{"self":[{"href":"https:\/\/campusbiotech.ch\/fr\/wp-json\/wp\/v2\/pages\/3874","targetHints":{"allow":["GET"]}}],"collection":[{"href":"https:\/\/campusbiotech.ch\/fr\/wp-json\/wp\/v2\/pages"}],"about":[{"href":"https:\/\/campusbiotech.ch\/fr\/wp-json\/wp\/v2\/types\/page"}],"author":[{"embeddable":true,"href":"https:\/\/campusbiotech.ch\/fr\/wp-json\/wp\/v2\/users\/2"}],"replies":[{"embeddable":true,"href":"https:\/\/campusbiotech.ch\/fr\/wp-json\/wp\/v2\/comments?post=3874"}],"version-history":[{"count":0,"href":"https:\/\/campusbiotech.ch\/fr\/wp-json\/wp\/v2\/pages\/3874\/revisions"}],"up":[{"embeddable":true,"href":"https:\/\/campusbiotech.ch\/fr\/wp-json\/wp\/v2\/pages\/3871"}],"wp:attachment":[{"href":"https:\/\/campusbiotech.ch\/fr\/wp-json\/wp\/v2\/media?parent=3874"}],"curies":[{"name":"wp","href":"https:\/\/api.w.org\/{rel}","templated":true}]}}